{"id":9480,"date":"2020-03-06T10:36:26","date_gmt":"2020-03-06T13:36:26","guid":{"rendered":"https:\/\/mitsp.org\/2020\/?page_id=9480"},"modified":"2020-03-06T10:36:26","modified_gmt":"2020-03-06T13:36:26","slug":"where","status":"publish","type":"page","link":"https:\/\/mitsp.org\/2020\/en\/where\/","title":{"rendered":"WHERE"},"content":{"rendered":"<h2>WHERE<\/h2>\n<p><iframe src=\"https:\/\/www.google.com\/maps\/d\/embed?mid=1m3AkRmi_HRLDHpuB4wM6GLHfjOOyceb6\" width=\"100%\" height=\"600\" data-mce-fragment=\"1\"><\/iframe><\/p>\n<p>&nbsp;<\/p>\n<h3><img class=\"size-full wp-image-7991 aligncenter\" src=\"https:\/\/mitsp.org\/2020\/wp-content\/uploads\/2020\/02\/divider-especiais.jpg\" alt=\"\" width=\"300\" height=\"8\" srcset=\"https:\/\/mitsp.org\/2020\/wp-content\/uploads\/2020\/02\/divider-especiais-200x5.jpg 200w, https:\/\/mitsp.org\/2020\/wp-content\/uploads\/2020\/02\/divider-especiais.jpg 300w\" sizes=\"(max-width: 300px) 100vw, 300px\" \/><\/h3>\n<h3 style=\"text-align: center;\">Mapa dos arredores<\/h3>\n<p style=\"text-align: center;\">Veja restaurantes, servi\u00e7os e esta\u00e7\u00f5es de metr\u00f4 pr\u00f3ximos aos locais onde acontece a MITsp<\/p>\n<p><iframe src=\"https:\/\/www.google.com\/maps\/d\/embed?mid=1RcnzW-JIfFiotwttyvh7F0Ahvusz3Hny\" width=\"100%\" height=\"600\" data-mce-fragment=\"1\"><\/iframe><\/p>\n","protected":false},"excerpt":{"rendered":"<p>WHERE &nbsp; Mapa dos arredores Veja restaurantes, servi\u00e7os e esta\u00e7\u00f5es de metr\u00f4 pr\u00f3ximos aos locais [&hellip;]<\/p>\n","protected":false},"author":1,"featured_media":0,"parent":0,"menu_order":13,"comment_status":"closed","ping_status":"closed","template":"","meta":{"_links_to":"","_links_to_target":""},"yst_prominent_words":[],"acf":[],"_links":{"self":[{"href":"https:\/\/mitsp.org\/2020\/wp-json\/wp\/v2\/pages\/9480"}],"collection":[{"href":"https:\/\/mitsp.org\/2020\/wp-json\/wp\/v2\/pages"}],"about":[{"href":"https:\/\/mitsp.org\/2020\/wp-json\/wp\/v2\/types\/page"}],"author":[{"embeddable":true,"href":"https:\/\/mitsp.org\/2020\/wp-json\/wp\/v2\/users\/1"}],"replies":[{"embeddable":true,"href":"https:\/\/mitsp.org\/2020\/wp-json\/wp\/v2\/comments?post=9480"}],"version-history":[{"count":0,"href":"https:\/\/mitsp.org\/2020\/wp-json\/wp\/v2\/pages\/9480\/revisions"}],"wp:attachment":[{"href":"https:\/\/mitsp.org\/2020\/wp-json\/wp\/v2\/media?parent=9480"}],"wp:term":[{"taxonomy":"yst_prominent_words","embeddable":true,"href":"https:\/\/mitsp.org\/2020\/wp-json\/wp\/v2\/yst_prominent_words?post=9480"}],"curies":[{"name":"wp","href":"https:\/\/api.w.org\/{rel}","templated":true}]}}