{"id":8006,"date":"2020-02-19T06:42:44","date_gmt":"2020-02-19T09:42:44","guid":{"rendered":"https:\/\/mitsp.org\/2020\/?page_id=8006"},"modified":"2020-02-19T07:46:26","modified_gmt":"2020-02-19T10:46:26","slug":"seminario-perspectivas-anticoloniais","status":"publish","type":"page","link":"https:\/\/mitsp.org\/2020\/seminario-perspectivas-anticoloniais\/","title":{"rendered":"SEMIN\u00c1RIO PERSPECTIVAS ANTICOLONIAIS"},"content":{"rendered":"<h2 style=\"text-align: center;\"><strong>SEMIN\u00c1RIO PERSPECTIVAS ANTICOLONIAIS<\/strong><\/h2>\n<p style=\"text-align: center;\"><b>CURADORIA: <\/b>Andreia Duarte, Christine Greiner, Jos\u00e9 Fernando Peixoto de Azevedo<\/p>\n<p style=\"text-align: center;\"><span style=\"font-weight: 400;\">A devasta\u00e7\u00e3o colonial n\u00e3o \u00e9 apenas um tema, mas uma experi\u00eancia que nos forma e a partir da qual pensamos. H\u00e1 um empenho na produ\u00e7\u00e3o de outras formas de pensar, assim como estrat\u00e9gias poss\u00edveis para acionar o que vem sendo chamado de processo de descoloniza\u00e7\u00e3o ou decoloniza\u00e7\u00e3o. A proposta este semin\u00e1rio \u00e9 instaurar alguns encontros entre pesquisadores que t\u00eam refletido sobre esses t\u00f3picos, provocar os atravessamentos, a possibilidade de conversar, de escutar.<\/span><\/p>\n<div class=\"fusion-blog-shortcode fusion-blog-shortcode-1 fusion-blog-archive fusion-blog-layout-grid-wrapper fusion-blog-no\"><style type=\"text\/css\">.fusion-blog-shortcode-1 .fusion-blog-layout-grid .fusion-post-grid{padding:1.5px;}.fusion-blog-shortcode-1 .fusion-posts-container{margin-left: -1.5px !important; margin-right:-1.5px !important;}<\/style><div class=\"fusion-posts-container fusion-posts-container-no fusion-no-meta-info fusion-blog-rollover fusion-blog-layout-grid fusion-blog-layout-grid-2 isotope fusion-blog-equal-heights\" data-pages=\"1\" data-grid-col-space=\"3\" style=\"margin: -1.5px -1.5px 0;min-height:500px;\"><article id=\"blog-1-post-8024\" class=\"fusion-post-grid post-8024 post type-post status-publish format-standard has-post-thumbnail hentry category-especiais-3 tag-seminario\">\n<div class=\"fusion-post-wrapper\" style=\"background-color:rgba(255,255,255,0);border:1px solid #ebeaea;border-bottom-width:3px;\">\n\n\t\t\t<div class=\"fusion-flexslider flexslider fusion-flexslider-loading fusion-post-slideshow\" style=\"border-color:#ebeaea;\">\n\t\t<ul class=\"slides\">\n\t\t\t\n\t\t\t\t\t\t\t\t\t\t\t\t\t\t<li><div  class=\"fusion-image-wrapper\" aria-haspopup=\"true\">\n\t\t\t\t<img width=\"1000\" height=\"870\" src=\"https:\/\/mitsp.org\/2020\/wp-content\/uploads\/2020\/02\/img-dest-seminario-encontros.jpg\" class=\"attachment-full size-full wp-post-image\" alt=\"Encontro Perspectivas Anticoloniais\" loading=\"lazy\" srcset=\"https:\/\/mitsp.org\/2020\/wp-content\/uploads\/2020\/02\/img-dest-seminario-encontros-200x174.jpg 200w, https:\/\/mitsp.org\/2020\/wp-content\/uploads\/2020\/02\/img-dest-seminario-encontros-400x348.jpg 400w, https:\/\/mitsp.org\/2020\/wp-content\/uploads\/2020\/02\/img-dest-seminario-encontros-600x522.jpg 600w, https:\/\/mitsp.org\/2020\/wp-content\/uploads\/2020\/02\/img-dest-seminario-encontros-800x696.jpg 800w, https:\/\/mitsp.org\/2020\/wp-content\/uploads\/2020\/02\/img-dest-seminario-encontros.jpg 1000w\" sizes=\"(min-width: 2200px) 100vw, (min-width: 712px) 589px, (min-width: 640px) 712px, \" \/><div class=\"fusion-rollover\">\n\t<div class=\"fusion-rollover-content\">\n\n\t\t\t\t\n\t\t\n\t\t\t\t\t\t\t\t\t\t\t\t<h4 class=\"fusion-rollover-title\">\n\t\t\t\t\t<a class=\"fusion-rollover-title-link\" href=\"https:\/\/mitsp.org\/2020\/encontro-perspectivas-anticoloniais\/\">\n\t\t\t\t\t\tEncontro Perspectivas Anticoloniais\t\t\t\t\t<\/a>\n\t\t\t\t<\/h4>\n\t\t\t\n\t\t\t\t\t\t\t\t\n\t\t\n\t\t\t\t\t\t<a class=\"fusion-link-wrapper\" href=\"https:\/\/mitsp.org\/2020\/encontro-perspectivas-anticoloniais\/\" aria-label=\"Encontro Perspectivas Anticoloniais\"><\/a>\n\t<\/div>\n<\/div>\n<\/div>\n<\/li>\n\t\t\t\n\t\t\t\n\t\t\t\t\t\t\t\t\t\t\t\t\t\t\t\t\t\t\t\t\t\t\t\t\t\t\t\t\t\t\t\t\t\t\t\t\t\t\t\t\t\t\t\t\t\t\t\t\t\t\t\t\t\t\t\t\t\t\t\t\t\t\t\t\t\t\t\t<\/ul>\n\t<\/div>\n\t<div class=\"fusion-post-content-wrapper\" style=\"padding:30px 25px 20px 25px; display:none;\"><div class=\"fusion-post-content post-content\"><\/div><\/div><div class=\"fusion-clearfix\"><\/div><\/div>\n<\/article>\n<article id=\"blog-1-post-8004\" class=\"fusion-post-grid post-8004 post type-post status-publish format-standard has-post-thumbnail hentry category-especiais-3 tag-seminario\">\n<div class=\"fusion-post-wrapper\" style=\"background-color:rgba(255,255,255,0);border:1px solid #ebeaea;border-bottom-width:3px;\">\n\n\t\t\t<div class=\"fusion-flexslider flexslider fusion-flexslider-loading fusion-post-slideshow\" style=\"border-color:#ebeaea;\">\n\t\t<ul class=\"slides\">\n\t\t\t\n\t\t\t\t\t\t\t\t\t\t\t\t\t\t<li><div  class=\"fusion-image-wrapper\" aria-haspopup=\"true\">\n\t\t\t\t<img width=\"1044\" height=\"908\" src=\"https:\/\/mitsp.org\/2020\/wp-content\/uploads\/2020\/02\/img-dest-seminario-ensaios.jpg\" class=\"attachment-full size-full wp-post-image\" alt=\"Ensaios Anticoloniais: Estudos Compartilhados\" loading=\"lazy\" srcset=\"https:\/\/mitsp.org\/2020\/wp-content\/uploads\/2020\/02\/img-dest-seminario-ensaios-200x174.jpg 200w, https:\/\/mitsp.org\/2020\/wp-content\/uploads\/2020\/02\/img-dest-seminario-ensaios-400x348.jpg 400w, https:\/\/mitsp.org\/2020\/wp-content\/uploads\/2020\/02\/img-dest-seminario-ensaios-600x522.jpg 600w, https:\/\/mitsp.org\/2020\/wp-content\/uploads\/2020\/02\/img-dest-seminario-ensaios-800x696.jpg 800w, https:\/\/mitsp.org\/2020\/wp-content\/uploads\/2020\/02\/img-dest-seminario-ensaios.jpg 1044w\" sizes=\"(min-width: 2200px) 100vw, (min-width: 712px) 589px, (min-width: 640px) 712px, \" \/><div class=\"fusion-rollover\">\n\t<div class=\"fusion-rollover-content\">\n\n\t\t\t\t\n\t\t\n\t\t\t\t\t\t\t\t\t\t\t\t<h4 class=\"fusion-rollover-title\">\n\t\t\t\t\t<a class=\"fusion-rollover-title-link\" href=\"https:\/\/mitsp.org\/2020\/ensaios-anticoloniais-estudos-compartilhados\/\">\n\t\t\t\t\t\tEnsaios Anticoloniais: Estudos Compartilhados\t\t\t\t\t<\/a>\n\t\t\t\t<\/h4>\n\t\t\t\n\t\t\t\t\t\t\t\t\n\t\t\n\t\t\t\t\t\t<a class=\"fusion-link-wrapper\" href=\"https:\/\/mitsp.org\/2020\/ensaios-anticoloniais-estudos-compartilhados\/\" aria-label=\"Ensaios Anticoloniais: Estudos Compartilhados\"><\/a>\n\t<\/div>\n<\/div>\n<\/div>\n<\/li>\n\t\t\t\n\t\t\t\n\t\t\t\t\t\t\t\t\t\t\t\t\t\t\t\t\t\t\t\t\t\t\t\t\t\t\t\t\t\t\t\t\t\t\t\t\t\t\t\t\t\t\t\t\t\t\t\t\t\t\t\t\t\t\t\t\t\t\t\t\t\t\t\t\t\t\t\t<\/ul>\n\t<\/div>\n\t<div class=\"fusion-post-content-wrapper\" style=\"padding:30px 25px 20px 25px; display:none;\"><div class=\"fusion-post-content post-content\"><\/div><\/div><div class=\"fusion-clearfix\"><\/div><\/div>\n<\/article>\n<div class=\"fusion-clearfix\"><\/div><\/div><\/div>\n","protected":false},"excerpt":{"rendered":"<p>SEMIN\u00c1RIO PERSPECTIVAS ANTICOLONIAIS CURADORIA: Andreia Duarte, Christine Greiner, Jos\u00e9 Fernando Peixoto de Azevedo A devasta\u00e7\u00e3o [&hellip;]<\/p>\n","protected":false},"author":1,"featured_media":8045,"parent":0,"menu_order":2,"comment_status":"closed","ping_status":"closed","template":"","meta":{"_links_to":"","_links_to_target":""},"yst_prominent_words":[],"acf":[],"_links":{"self":[{"href":"https:\/\/mitsp.org\/2020\/wp-json\/wp\/v2\/pages\/8006"}],"collection":[{"href":"https:\/\/mitsp.org\/2020\/wp-json\/wp\/v2\/pages"}],"about":[{"href":"https:\/\/mitsp.org\/2020\/wp-json\/wp\/v2\/types\/page"}],"author":[{"embeddable":true,"href":"https:\/\/mitsp.org\/2020\/wp-json\/wp\/v2\/users\/1"}],"replies":[{"embeddable":true,"href":"https:\/\/mitsp.org\/2020\/wp-json\/wp\/v2\/comments?post=8006"}],"version-history":[{"count":0,"href":"https:\/\/mitsp.org\/2020\/wp-json\/wp\/v2\/pages\/8006\/revisions"}],"wp:featuredmedia":[{"embeddable":true,"href":"https:\/\/mitsp.org\/2020\/wp-json\/wp\/v2\/media\/8045"}],"wp:attachment":[{"href":"https:\/\/mitsp.org\/2020\/wp-json\/wp\/v2\/media?parent=8006"}],"wp:term":[{"taxonomy":"yst_prominent_words","embeddable":true,"href":"https:\/\/mitsp.org\/2020\/wp-json\/wp\/v2\/yst_prominent_words?post=8006"}],"curies":[{"name":"wp","href":"https:\/\/api.w.org\/{rel}","templated":true}]}}