{"id":4027,"date":"2019-03-09T11:40:57","date_gmt":"2019-03-09T14:40:57","guid":{"rendered":"https:\/\/mitsp.org\/2019\/?page_id=4027"},"modified":"2020-03-05T14:50:31","modified_gmt":"2020-03-05T17:50:31","slug":"publicacoes","status":"publish","type":"page","link":"https:\/\/mitsp.org\/2020\/publicacoes\/","title":{"rendered":"PUBLICA\u00c7\u00d5ES"},"content":{"rendered":"<h2>PUBLICA\u00c7\u00d5ES<\/h2>\n<h3 style=\"text-align: center;\">Revista Cartografias<\/h3>\n<p><iframe style=\"border: none; width: 100%; height: 700px;\" src=\"https:\/\/e.issuu.com\/anonymous-embed.html?u=mitsp&amp;d=catalogo_mit_2020_completo\" allowfullscreen=\"allowfullscreen\"><\/iframe><br \/>\n<a href=\"https:\/\/mitsp.org\/2020\/wp-content\/uploads\/2020\/03\/catalogo-MITsp-2020-COMPLETO.pdf\" target=\"_blank\" rel=\"noopener noreferrer\">Revista Cartografias MITsp2020 em PDF<\/a><\/p>\n<p>&nbsp;<\/p>\n<h3 style=\"text-align: center;\">Guia MITsp2020<\/h3>\n<p><iframe style=\"border: none; width: 100%; height: 700px;\" src=\"https:\/\/e.issuu.com\/anonymous-embed.html?u=mitsp&amp;d=guia_mit_p_site_com_ajustes_20200227\" allowfullscreen=\"allowfullscreen\"><\/iframe><br \/>\n<a href=\"https:\/\/mitsp.org\/2020\/wp-content\/uploads\/2020\/02\/guia-MITsp2020.pdf\" target=\"_blank\" rel=\"noopener noreferrer\">Baixe o Guia MITsp2020 em PDF<\/a><\/p>\n<p>&nbsp;<\/p>\n<h3 style=\"text-align: center;\">Especial Antro Positivo MITsp 2020 <\/h3>\n<p><iframe style=\"border: none; width: 100%; height: 700px;\" src=\"https:\/\/e.issuu.com\/anonymous-embed.html?u=antropositivo&amp;d=antro_mitsp_2020\" allowfullscreen=\"allowfullscreen\"><\/iframe><\/p>\n","protected":false},"excerpt":{"rendered":"<p>PUBLICA\u00c7\u00d5ES Revista Cartografias Revista Cartografias MITsp2020 em PDF &nbsp; Guia MITsp2020 Baixe o Guia MITsp2020 [&hellip;]<\/p>\n","protected":false},"author":1,"featured_media":0,"parent":0,"menu_order":22,"comment_status":"closed","ping_status":"closed","template":"","meta":{"_links_to":"","_links_to_target":""},"yst_prominent_words":[],"acf":[],"_links":{"self":[{"href":"https:\/\/mitsp.org\/2020\/wp-json\/wp\/v2\/pages\/4027"}],"collection":[{"href":"https:\/\/mitsp.org\/2020\/wp-json\/wp\/v2\/pages"}],"about":[{"href":"https:\/\/mitsp.org\/2020\/wp-json\/wp\/v2\/types\/page"}],"author":[{"embeddable":true,"href":"https:\/\/mitsp.org\/2020\/wp-json\/wp\/v2\/users\/1"}],"replies":[{"embeddable":true,"href":"https:\/\/mitsp.org\/2020\/wp-json\/wp\/v2\/comments?post=4027"}],"version-history":[{"count":0,"href":"https:\/\/mitsp.org\/2020\/wp-json\/wp\/v2\/pages\/4027\/revisions"}],"wp:attachment":[{"href":"https:\/\/mitsp.org\/2020\/wp-json\/wp\/v2\/media?parent=4027"}],"wp:term":[{"taxonomy":"yst_prominent_words","embeddable":true,"href":"https:\/\/mitsp.org\/2020\/wp-json\/wp\/v2\/yst_prominent_words?post=4027"}],"curies":[{"name":"wp","href":"https:\/\/api.w.org\/{rel}","templated":true}]}}