{"id":2581,"date":"2019-02-10T09:16:43","date_gmt":"2019-02-10T11:16:43","guid":{"rendered":"https:\/\/mitsp.org\/2019\/?page_id=2581"},"modified":"2020-03-05T14:42:45","modified_gmt":"2020-03-05T17:42:45","slug":"assessoria-de-imprensa","status":"publish","type":"page","link":"https:\/\/mitsp.org\/2020\/assessoria-de-imprensa\/","title":{"rendered":"ASSESSORIA DE IMPRENSA"},"content":{"rendered":"<p><div class=\"fusion-fullwidth fullwidth-box fusion-builder-row-1 nonhundred-percent-fullwidth non-hundred-percent-height-scrolling\" style=\"background-color: rgba(255,255,255,0);background-position: center center;background-repeat: no-repeat;padding-top:0px;padding-right:0px;padding-bottom:0px;padding-left:0px;margin-bottom: 0px;margin-top: 0px;border-width: 0px 0px 0px 0px;border-color:#eae9e9;border-style:solid;\" ><div class=\"fusion-builder-row fusion-row\"><div class=\"fusion-layout-column fusion_builder_column fusion-builder-column-0 fusion_builder_column_1_1 1_1 fusion-one-full fusion-column-first fusion-column-last\" style=\"margin-top:0px;margin-bottom:0px;\"><div class=\"fusion-column-wrapper fusion-flex-column-wrapper-legacy\" style=\"background-position:left top;background-repeat:no-repeat;-webkit-background-size:cover;-moz-background-size:cover;-o-background-size:cover;background-size:cover;padding: 0px 0px 0px 0px;\"><div class=\"fusion-text fusion-text-1\"><h2>ASSESSORIA DE IMPRENSA<\/h2>\n<\/div><div class=\"fusion-clearfix\"><\/div><\/div><\/div><div class=\"fusion-layout-column fusion_builder_column fusion-builder-column-1 fusion_builder_column_1_6 1_6 fusion-one-sixth fusion-column-first\" style=\"width:16.666666666667%;width:calc(16.666666666667% - ( ( 4% + 4% ) * 0.16666666666667 ) );margin-right: 4%;margin-top:0px;margin-bottom:20px;\"><div class=\"fusion-column-wrapper fusion-flex-column-wrapper-legacy\" style=\"background-position:left top;background-repeat:no-repeat;-webkit-background-size:cover;-moz-background-size:cover;-o-background-size:cover;background-size:cover;padding: 0px 0px 0px 0px;\"><div class=\"fusion-text fusion-text-2\"><p><a href=\"http:\/\/www.canalaberto.com.br\/\" target=\"_blank\" rel=\"noopener noreferrer\"><img class=\"wp-image-83 alignnone\" src=\"http:\/\/mitsp.org\/2016\/wp-content\/uploads\/2016\/02\/logo_assessoria-canal-aberto.jpg\" alt=\"logo_assessoria-canal-aberto\" \/><\/a><\/p>\n<\/div><div class=\"fusion-clearfix\"><\/div><\/div><\/div><div class=\"fusion-layout-column fusion_builder_column fusion-builder-column-2 fusion_builder_column_2_5 2_5 fusion-two-fifth\" style=\"width:40%;width:calc(40% - ( ( 4% + 4% ) * 0.4 ) );margin-right: 4%;margin-top:0px;margin-bottom:20px;\"><div class=\"fusion-column-wrapper fusion-flex-column-wrapper-legacy\" style=\"background-position:left top;background-repeat:no-repeat;-webkit-background-size:cover;-moz-background-size:cover;-o-background-size:cover;background-size:cover;padding: 0px 0px 0px 0px;\"><div class=\"fusion-text fusion-text-3\"><p>M\u00e1rcia Marques | Kelly Santos | Daniele Val\u00e9rio | Fl\u00e1via Fontes<br \/>\nFones: 11 2914-0770<br \/>\n11 99126-0425 (M\u00e1rcia) &#8211; marcia@canalaberto.com.br<br \/>\n11 98187-8462 (Fl\u00e1via) &#8211; flaviafontes@canalaberto.com.br<br \/>\n11 95630-3505 (Kelly) &#8211; kelly@canalaberto.com.br<br \/>\n11 96705-0425 (Dani) &#8211; daniele@canalaberto.com.br<\/p>\n<\/div><div class=\"fusion-clearfix\"><\/div><\/div><\/div><div class=\"fusion-layout-column fusion_builder_column fusion-builder-column-3 fusion_builder_column_2_5 2_5 fusion-two-fifth fusion-column-last\" style=\"width:40%;width:calc(40% - ( ( 4% + 4% ) * 0.4 ) );margin-top:0px;margin-bottom:20px;\"><div class=\"fusion-column-wrapper fusion-flex-column-wrapper-legacy\" style=\"background-position:left top;background-repeat:no-repeat;-webkit-background-size:cover;-moz-background-size:cover;-o-background-size:cover;background-size:cover;padding: 0px 0px 0px 0px;\"><div class=\"fusion-text fusion-text-4\"><p><i class=\"fa fa-skype\"><\/i> canal.aberto<br \/>\n<i class=\"fa fa-facebook\"><\/i> <a href=\"https:\/\/www.facebook.com\/CanalAbertoAssessoriaDeImprensa\" target=\"_blank\" rel=\"noopener noreferrer\">Facebook Canal Aberto<\/a><br \/>\n<i class=\"fab fa-instagram\"><\/i> <a href=\"https:\/\/www.instagram.com\/canal_aberto\/?hl=pt-br\" target=\"_blank\" rel=\"noopener noreferrer\">Instagram Canal Aberto<\/a><br \/>\n<i class=\"fa fa-twitter\"><\/i> <a href=\"https:\/\/twitter.com\/CanalAberto\" target=\"_blank\" rel=\"noopener noreferrer\">Twitter Canal Aberto<\/a><br \/>\n<i class=\"fa fa-globe\"><\/i> <a href=\"http:\/\/www.canalaberto.com.br\/\" target=\"_blank\" rel=\"noopener noreferrer\">Web site Canal Aberto<\/a><\/p>\n<\/div><div class=\"fusion-alignleft\"><style>.fusion-body .fusion-button.button-1{border-radius:0px 0px 0px 0px;}<\/style><a class=\"fusion-button button-flat button-large button-default button-1 fusion-button-default-span fusion-button-default-type\" target=\"_blank\" rel=\"noopener noreferrer\" href=\"https:\/\/drive.google.com\/drive\/folders\/1wZJ8VgnrWjBjH9MVKmg6JQSmXOrHVFnv\"><span class=\"fusion-button-text\">Arquivos para Imprensa<\/span><\/a><\/div><div class=\"fusion-clearfix\"><\/div><\/div><\/div><\/div><\/div><div class=\"fusion-fullwidth fullwidth-box fusion-builder-row-2 nonhundred-percent-fullwidth non-hundred-percent-height-scrolling\" style=\"background-color: #ededed;background-position: center center;background-repeat: no-repeat;padding-top:0px;padding-right:0px;padding-bottom:0px;padding-left:0px;margin-bottom: 0px;margin-top: 0px;border-width: 0px 0px 0px 0px;border-color:#eae9e9;border-style:solid;\" ><div class=\"fusion-builder-row fusion-row\"><div class=\"fusion-layout-column fusion_builder_column fusion-builder-column-4 fusion_builder_column_1_1 1_1 fusion-one-full fusion-column-first fusion-column-last\" style=\"margin-top:0px;margin-bottom:20px;\"><div class=\"fusion-column-wrapper fusion-flex-column-wrapper-legacy\" style=\"background-position:left top;background-repeat:no-repeat;-webkit-background-size:cover;-moz-background-size:cover;-o-background-size:cover;background-size:cover;padding: 0px 0px 0px 0px;\"><div class=\"fusion-text fusion-text-5\"><h3 style=\"text-align: left;\">Clipping<\/h3>\n<p>[wp_plusgallery data_type=&#8221;flickr&#8221; data_userid=&#8221;115974724@N02&#8243; data_albumid=&#8221;72157713372877162&#8243; data_limit=&#8221;80&#8243;\u00a0 box_color=&#8221;#d5313a&#8221;]<\/p>\n<\/div><div class=\"fusion-clearfix\"><\/div><\/div><\/div><\/div><\/div><\/p>\n","protected":false},"excerpt":{"rendered":"","protected":false},"author":1,"featured_media":0,"parent":0,"menu_order":27,"comment_status":"closed","ping_status":"closed","template":"100-width.php","meta":{"_links_to":"","_links_to_target":""},"yst_prominent_words":[],"acf":[],"_links":{"self":[{"href":"https:\/\/mitsp.org\/2020\/wp-json\/wp\/v2\/pages\/2581"}],"collection":[{"href":"https:\/\/mitsp.org\/2020\/wp-json\/wp\/v2\/pages"}],"about":[{"href":"https:\/\/mitsp.org\/2020\/wp-json\/wp\/v2\/types\/page"}],"author":[{"embeddable":true,"href":"https:\/\/mitsp.org\/2020\/wp-json\/wp\/v2\/users\/1"}],"replies":[{"embeddable":true,"href":"https:\/\/mitsp.org\/2020\/wp-json\/wp\/v2\/comments?post=2581"}],"version-history":[{"count":0,"href":"https:\/\/mitsp.org\/2020\/wp-json\/wp\/v2\/pages\/2581\/revisions"}],"wp:attachment":[{"href":"https:\/\/mitsp.org\/2020\/wp-json\/wp\/v2\/media?parent=2581"}],"wp:term":[{"taxonomy":"yst_prominent_words","embeddable":true,"href":"https:\/\/mitsp.org\/2020\/wp-json\/wp\/v2\/yst_prominent_words?post=2581"}],"curies":[{"name":"wp","href":"https:\/\/api.w.org\/{rel}","templated":true}]}}