{"id":5090,"date":"2019-03-26T18:32:02","date_gmt":"2019-03-26T21:32:02","guid":{"rendered":"https:\/\/mitsp.org\/2019\/?page_id=5090"},"modified":"2019-03-26T18:32:02","modified_gmt":"2019-03-26T21:32:02","slug":"agradecimento","status":"publish","type":"page","link":"https:\/\/mitsp.org\/2019\/agradecimento\/","title":{"rendered":"AGRADECIMENTO"},"content":{"rendered":"<h2>AGRADECIMENTO<\/h2>\n<p>A MITsp &#8211; Mostra Internacional de Teatro de S\u00e3o Paulo agradece a todos que acompanharam esta edi\u00e7\u00e3o. Em 2019, foram:<\/p>\n<p><strong>71 sess\u00f5es<\/strong><br \/>\n<strong>24 apresenta\u00e7\u00f5es gratuitas<\/strong><br \/>\n<strong>47 apresenta\u00e7\u00f5es pagas<\/strong><span class=\"text_exposed_show\"><\/p>\n<p><strong>9 espet\u00e1culos internacionais<\/strong><br \/>\n<strong>3 estreias nacionais<\/strong><\/p>\n<p><strong>10 espet\u00e1culos na MITbr &#8211; Plataforma Brasil<\/strong><br \/>\n<strong>43 programadores internacionais<\/strong><br \/>\n<strong>18 programadores nacionais<\/strong><br \/>\n<strong>18 pa\u00edses<\/strong><\/p>\n<p>O II Semin\u00e1rio de Internacionaliza\u00e7\u00e3o das Artes C\u00eanicas trouxe <strong>41 convidados<\/strong> do Brasil e do exterior para discutirem os avan\u00e7os de pol\u00edticas p\u00fablicas voltadas ao setor.<\/p>\n<p>Nas a\u00e7\u00f5es reflexivas e pedag\u00f3gicas, todas gratuitas, foram:<\/p>\n<p><strong>90 convidados<\/strong><br \/>\n<strong>64 atividades<\/strong><br \/>\n<strong>28 espa\u00e7os pela cidade<\/strong><\/p>\n<p>Agradecemos tamb\u00e9m aos artistas, aos pesquisadores de v\u00e1rias \u00e1reas, aos patrocinadores, aos correalizadores, apoiadores e \u00e0 equipe da mostra.<\/p>\n<p>Esperamos encontr\u00e1-los novamente na<strong> 7\u00aa edi\u00e7\u00e3o que ser\u00e1 realizada de 5 a 15 de mar\u00e7o de 2020.<\/strong><\/span><\/p>\n","protected":false},"excerpt":{"rendered":"<p>AGRADECIMENTO A MITsp &#8211; Mostra Internacional de Teatro de S\u00e3o Paulo agradece a todos que [&hellip;]<\/p>\n","protected":false},"author":1,"featured_media":0,"parent":0,"menu_order":3,"comment_status":"closed","ping_status":"closed","template":"","meta":[],"yst_prominent_words":[],"acf":[],"_links":{"self":[{"href":"https:\/\/mitsp.org\/2019\/wp-json\/wp\/v2\/pages\/5090"}],"collection":[{"href":"https:\/\/mitsp.org\/2019\/wp-json\/wp\/v2\/pages"}],"about":[{"href":"https:\/\/mitsp.org\/2019\/wp-json\/wp\/v2\/types\/page"}],"author":[{"embeddable":true,"href":"https:\/\/mitsp.org\/2019\/wp-json\/wp\/v2\/users\/1"}],"replies":[{"embeddable":true,"href":"https:\/\/mitsp.org\/2019\/wp-json\/wp\/v2\/comments?post=5090"}],"version-history":[{"count":0,"href":"https:\/\/mitsp.org\/2019\/wp-json\/wp\/v2\/pages\/5090\/revisions"}],"wp:attachment":[{"href":"https:\/\/mitsp.org\/2019\/wp-json\/wp\/v2\/media?parent=5090"}],"wp:term":[{"taxonomy":"yst_prominent_words","embeddable":true,"href":"https:\/\/mitsp.org\/2019\/wp-json\/wp\/v2\/yst_prominent_words?post=5090"}],"curies":[{"name":"wp","href":"https:\/\/api.w.org\/{rel}","templated":true}]}}