{"id":4985,"date":"2019-03-22T18:33:52","date_gmt":"2019-03-22T21:33:52","guid":{"rendered":"https:\/\/mitsp.org\/2019\/?page_id=4985"},"modified":"2019-03-23T13:40:18","modified_gmt":"2019-03-23T16:40:18","slug":"tornar-possivel-o-impossivel","status":"publish","type":"page","link":"https:\/\/mitsp.org\/2019\/tornar-possivel-o-impossivel\/","title":{"rendered":"Tornar poss\u00edvel o imposs\u00edvel"},"content":{"rendered":"<h3 style=\"text-align: left;\">TORNAR POSS\u00cdVEL O IMPOSS\u00cdVEL<\/h3>\n<p><em><br \/>\nGostaria de expressar a nossa gratid\u00e3o aos parceiros que est\u00e3o conosco desde a primeira edi\u00e7\u00e3o. Eles acreditam e respaldam uma utopia, pensada e sonhada durante cinco anos, na qual tentamos vivificar o legado dos festivais nacionais e internacionais brasileiros que vieram antes de n\u00f3s e por n\u00f3s sempre referenciados e reverenciados. S\u00e3o parceiros: o Ita\u00fa, o Ita\u00fa Cultural, o Sesc S\u00e3o Paulo, a Secretaria de Cultura \u2013 agora de Economia Criativa \u2013 do Estado de S\u00e3o Paulo, a Secretaria Municipal de Cultura, a Sabesp, institui\u00e7\u00f5es culturais estrangeiras como o Consulado Franc\u00eas de S\u00e3o Paulo, o Goethe-Institut S\u00e3o Paulo, a Pro Helvetia, o British Council e as inst\u00e2ncias consulares europeias e latino-americanas na capital paulista. E tamb\u00e9m est\u00e3o conosco: Sesi-SP, Asus, Porto Seguro, Cultura Inglesa e Instituto Italiano de Cultura de S\u00e3o Paulo.<\/em><\/p>\n<p><em>De nossa experi\u00eancia nestes seis anos de MITsp, consideramos central o alinhamento entre o poder p\u00fablico e o privado nas esferas municipal, estadual e federal para mudar o paradigma de se fazer gest\u00e3o cultural p\u00fablica em nosso pa\u00eds. Tal alinhamento permitiria a circula\u00e7\u00e3o da nossa produ\u00e7\u00e3o cultural em pequenos, m\u00e9dios e grandes munic\u00edpios, produzindo uma sinergia entre estas institui\u00e7\u00f5es. Isso acarretaria na potencializa\u00e7\u00e3o e na sociabiliza\u00e7\u00e3o do fazer art\u00edstico, e tamb\u00e9m na dissemina\u00e7\u00e3o de conhecimento, cultura e arte para um maior n\u00famero de pessoas. Essa realidade s\u00f3 ser\u00e1 poss\u00edvel se existirem, nas microrregi\u00f5es dos Estados federativos, fundos para a cria\u00e7\u00e3o, a manuten\u00e7\u00e3o e a circula\u00e7\u00e3o da produ\u00e7\u00e3o art\u00edstica e cultural, sempre em di\u00e1logo com a sociedade civil e os poderes constitu\u00eddos numa a\u00e7\u00e3o suprapartid\u00e1ria e plural.<\/em><\/p>\n<p><em>Tamb\u00e9m \u00e9 central que se atente para a internacionaliza\u00e7\u00e3o das artes c\u00eanicas brasileiras, que, como temos observado, \u00e9 t\u00e3o pouco vista nos festivais internacionais \u2013 europeus, latino-americanos, entre outros. \u00c9 urgente potencializar a expans\u00e3o do seu reconhecimento e fomentar sua circula\u00e7\u00e3o, dando continuidade \u00e0 agenda de di\u00e1logo iniciada na <a href=\"https:\/\/mitsp.org\/2018\/\">MITsp 2018<\/a> entre a ApexBrasil, a Secretaria Especial da Cultura do Minist\u00e9rio da Cidadania do governo federal, o Minist\u00e9rio das Rela\u00e7\u00f5es Exteriores, a Receita Federal e a Secretaria de Comunica\u00e7\u00e3o do governo federal, para juntos estabelecer diretrizes e a\u00e7\u00f5es visando \u00e0 internacionaliza\u00e7\u00e3o das artes c\u00eanicas brasileiras. Como exemplo, pode-se tomar o que realizam nossos vizinhos Argentina, Chile e Col\u00f4mbia, que incentivam e investem em seus artistas dentro e fora de seu pa\u00eds. Os festivais nacionais e internacionais s\u00e3o os agentes e embaixadores da express\u00e3o cultural brasileira.<\/em><\/p>\n<p><em>Nesse sentido, \u00e9 necess\u00e1ria uma mudan\u00e7a de paradigma em rela\u00e7\u00e3o ao tempo de planejamento dos festivais no Brasil. Precisamos construir, junto a todos os patrocinadores e parceiros dessas mostras, uma agenda que permita obter as respostas de apoio com um ano de anteced\u00eancia. A produ\u00e7\u00e3o cultural no Brasil precisa sair da l\u00f3gica do \u201c\u00faltimo minuto\u201d, que s\u00f3 onera os custos finais de um evento, j\u00e1 que os valores aumentam quando a compra de passagens, a reserva de hospedagens, o pedido do transporte das cargas cenogr\u00e1ficas, etc., s\u00e3o realizados tardiamente. Em vez disso, precisamos conseguir trabalhar com antecipa\u00e7\u00e3o e planejamento de m\u00e9dio e longo prazo.<\/em><\/p>\n<p><em>Em um horizonte de transforma\u00e7\u00f5es positivas, seria necess\u00e1rio realizarmos estudos aprofundados sobre os indicadores econ\u00f4micos e o impacto da cultura na economia brasileira. Avaliar esta cadeia \u00e9 fundamental para enxergarmos a pot\u00eancia e a for\u00e7a do setor cultural tamb\u00e9m do ponto de vista econ\u00f4mico. De acordo com um relat\u00f3rio<a href=\"#_ftn1\" name=\"_ftnref1\">[1] <\/a><\/em><em>publicado em 2013 por institui\u00e7\u00f5es do governo franc\u00eas ligadas \u00e0s finan\u00e7as e aos assuntos culturais, a cultura corresponde a 3,2% do Produto Interno Bruto (PIB) e emprega 670 mil pessoas. Em 2011, foram 57,8 bilh\u00f5es de euros investidos em cultura na Fran\u00e7a.<\/em><\/p>\n<p><em>A MITsp inova, desde 2018, com a cria\u00e7\u00e3o, expans\u00e3o e consolida\u00e7\u00e3o da<a href=\"https:\/\/mitsp.org\/2019\/mitbr\/\"> MITbr &#8211; Plataforma Brasil,<\/a> um programa de internacionaliza\u00e7\u00e3o das artes c\u00eanicas brasileiras. Realizamos dois cursos de capacita\u00e7\u00e3o para gestores e produtores de agenciamento de projetos em \u00e2mbito nacional e internacional, al\u00e9m de um semin\u00e1rio sobre a internacionaliza\u00e7\u00e3o das artes c\u00eanicas destinado a agentes p\u00fablicos e privados. A <a href=\"https:\/\/mitsp.org\/2019\/mitbr\/\">MITbr \u2013 Plataforma Brasil<\/a> apresentar\u00e1 tamb\u00e9m um recorte do panorama da cena contempor\u00e2nea do pa\u00eds para agentes e programadores de festivais de artes c\u00eanicas nacionais e internacionais.<\/em><\/p>\n<p style=\"text-align: left;\"><em>A coragem e a utopia s\u00e3o o que nos mant\u00e9m e o que nos move.<\/em><\/p>\n<h4 style=\"text-align: right;\"><strong>Guilherme Marques<\/strong><br \/>\n<strong>Idealizador e Diretor Geral de Produ\u00e7\u00e3o<\/strong><\/h4>\n<hr \/>\n<h6><a href=\"#_ftnref1\" name=\"_ftn1\">[1]<\/a> http:\/\/www.culturecommunication.gouv.fr\/Documentation\/Rapports\/L-apport-de-la-culture-a-l-economie-en-France<\/h6>\n","protected":false},"excerpt":{"rendered":"<p>TORNAR POSS\u00cdVEL O IMPOSS\u00cdVEL Gostaria de expressar a nossa gratid\u00e3o aos parceiros que est\u00e3o conosco [&hellip;]<\/p>\n","protected":false},"author":1,"featured_media":0,"parent":0,"menu_order":5,"comment_status":"closed","ping_status":"closed","template":"","meta":[],"yst_prominent_words":[],"acf":[],"_links":{"self":[{"href":"https:\/\/mitsp.org\/2019\/wp-json\/wp\/v2\/pages\/4985"}],"collection":[{"href":"https:\/\/mitsp.org\/2019\/wp-json\/wp\/v2\/pages"}],"about":[{"href":"https:\/\/mitsp.org\/2019\/wp-json\/wp\/v2\/types\/page"}],"author":[{"embeddable":true,"href":"https:\/\/mitsp.org\/2019\/wp-json\/wp\/v2\/users\/1"}],"replies":[{"embeddable":true,"href":"https:\/\/mitsp.org\/2019\/wp-json\/wp\/v2\/comments?post=4985"}],"version-history":[{"count":0,"href":"https:\/\/mitsp.org\/2019\/wp-json\/wp\/v2\/pages\/4985\/revisions"}],"wp:attachment":[{"href":"https:\/\/mitsp.org\/2019\/wp-json\/wp\/v2\/media?parent=4985"}],"wp:term":[{"taxonomy":"yst_prominent_words","embeddable":true,"href":"https:\/\/mitsp.org\/2019\/wp-json\/wp\/v2\/yst_prominent_words?post=4985"}],"curies":[{"name":"wp","href":"https:\/\/api.w.org\/{rel}","templated":true}]}}