{"id":4151,"date":"2019-03-12T05:49:10","date_gmt":"2019-03-12T08:49:10","guid":{"rendered":"https:\/\/mitsp.org\/2019\/?page_id=4151"},"modified":"2019-03-19T09:57:27","modified_gmt":"2019-03-19T12:57:27","slug":"servicos","status":"publish","type":"page","link":"https:\/\/mitsp.org\/2019\/servicos\/","title":{"rendered":"SERVI\u00c7OS"},"content":{"rendered":"<div class=\"fusion-fullwidth fullwidth-box fusion-builder-row-1 nonhundred-percent-fullwidth non-hundred-percent-height-scrolling\" style=\"background-color: rgba(255,255,255,0);background-position: center center;background-repeat: no-repeat;padding-top:0px;padding-right:0px;padding-bottom:0px;padding-left:0px;margin-bottom: 0px;margin-top: 0px;border-width: 0px 0px 0px 0px;border-color:#eae9e9;border-style:solid;\" ><div class=\"fusion-builder-row fusion-row\"><div class=\"fusion-layout-column fusion_builder_column fusion-builder-column-0 fusion_builder_column_1_1 1_1 fusion-one-full fusion-column-first fusion-column-last\" style=\"margin-top:0px;margin-bottom:20px;\"><div class=\"fusion-column-wrapper fusion-flex-column-wrapper-legacy\" style=\"background-position:left top;background-repeat:no-repeat;-webkit-background-size:cover;-moz-background-size:cover;-o-background-size:cover;background-size:cover;padding: 0px 0px 0px 0px;\"><div class=\"fusion-text fusion-text-1\"><h2>SERVI\u00c7OS<\/h2>\n<\/div><div class=\"fusion-clearfix\"><\/div><\/div><\/div><div class=\"fusion-layout-column fusion_builder_column fusion-builder-column-1 fusion_builder_column_1_5 1_5 fusion-one-fifth fusion-column-first\" style=\"width:20%;width:calc(20% - ( ( 4% ) * 0.2 ) );margin-right: 4%;margin-top:3%;margin-bottom:20px;\"><div class=\"fusion-column-wrapper fusion-flex-column-wrapper-legacy\" style=\"background-position:left top;background-repeat:no-repeat;-webkit-background-size:cover;-moz-background-size:cover;-o-background-size:cover;background-size:cover;padding: 0px 0px 0px 0px;\"><div class=\"fusion-text fusion-text-2\"><p><a href=\"https:\/\/www.aljaniah.com.br\/\" target=\"_blank\" rel=\"noopener noreferrer\"><img class=\"alignnone wp-image-4153\" src=\"https:\/\/mitsp.org\/2019\/wp-content\/uploads\/2019\/03\/logo-aljaniah.jpg\" alt=\"AL JANIAH\" width=\"150\" height=\"307\" srcset=\"https:\/\/mitsp.org\/2019\/wp-content\/uploads\/2019\/03\/logo-aljaniah-147x300.jpg 147w, https:\/\/mitsp.org\/2019\/wp-content\/uploads\/2019\/03\/logo-aljaniah.jpg 184w\" sizes=\"(max-width: 150px) 100vw, 150px\" \/><\/a><\/p>\n<\/div><div class=\"fusion-clearfix\"><\/div><\/div><\/div><div class=\"fusion-layout-column fusion_builder_column fusion-builder-column-2 fusion_builder_column_4_5 4_5 fusion-four-fifth fusion-column-last\" style=\"width:80%;width:calc(80% - ( ( 4% ) * 0.8 ) );margin-top:0px;margin-bottom:20px;\"><div class=\"fusion-column-wrapper fusion-flex-column-wrapper-legacy\" style=\"background-position:left top;background-repeat:no-repeat;-webkit-background-size:cover;-moz-background-size:cover;-o-background-size:cover;background-size:cover;border-left:5px solid #00488a;padding: 0px 0px 0px 3%;\"><div class=\"fusion-text fusion-text-3\"><h3><a href=\"https:\/\/www.aljaniah.com.br\/\" target=\"_blank\" rel=\"noopener noreferrer\"><span style=\"color: #00488a;\">AL JANIAH<\/span><\/a><\/h3>\n<p>O ponto de encontro da MITsp 2019 \u00e9 no Al Janiah, bar e restaurante de culin\u00e1ria \u00e1rabe no bairro do Bixiga. Espa\u00e7o de resist\u00eancia pol\u00edtica e cultural, o local conta com trabalhadores refugiados da Palestina, da S\u00edria e imigrantes de Cuba, Arg\u00e9lia, militantes antifascistas, nordestinos e sulistas. Durante a MITsp, depois dos espet\u00e1culos, a programa\u00e7\u00e3o ser\u00e1 especial:<br \/>\n14\/3: Cecilia Yzarra (DJ peruana)<br \/>\n15\/3: Caetanagem<br \/>\n16\/3: Batuqueiros e Sua gente<br \/>\n17\/3: Festival Punk Rock<br \/>\n19\/3: Jam Session<br \/>\n20\/3: Gringa Music<br \/>\n21\/3: Juliano Abramovay<br \/>\n22\/3: Roda de Samba Terreiro Grande<br \/>\n23\/3: Samba das Flores<br \/>\n24\/3: Bloco do FU\u00c1 + Blocos de carnaval<\/p>\n<p><strong>ONDE:<br \/>\n<\/strong>Al Janiah (Rua Rui Barbosa, 269 \u2013 Bela Vista, S\u00e3o Paulo)<\/p>\n<p><strong>HOR\u00c1RIO DE FUNCIONAMENTO:<br \/>\n<\/strong>de ter\u00e7a a s\u00e1bado, a partir das 18h; e aos domingos, a partir das 20h<\/p>\n<\/div><div class=\"fusion-clearfix\"><\/div><\/div><\/div><div class=\"fusion-layout-column fusion_builder_column fusion-builder-column-3 fusion_builder_column_1_5 1_5 fusion-one-fifth fusion-column-first\" style=\"width:20%;width:calc(20% - ( ( 4% ) * 0.2 ) );margin-right: 4%;margin-top:3%;margin-bottom:20px;\"><div class=\"fusion-column-wrapper fusion-flex-column-wrapper-legacy\" style=\"background-position:left top;background-repeat:no-repeat;-webkit-background-size:cover;-moz-background-size:cover;-o-background-size:cover;background-size:cover;padding: 0px 0px 0px 0px;\"><div class=\"fusion-text fusion-text-4\"><p><a href=\"https:\/\/cabify.com\/brazil\/\" target=\"_blank\" rel=\"noopener noreferrer\"><img class=\"alignnone size-full wp-image-4154\" src=\"https:\/\/mitsp.org\/2019\/wp-content\/uploads\/2019\/03\/logo-cabify.jpg\" alt=\"CABIFY\" width=\"300\" height=\"120\" srcset=\"https:\/\/mitsp.org\/2019\/wp-content\/uploads\/2019\/03\/logo-cabify-200x80.jpg 200w, https:\/\/mitsp.org\/2019\/wp-content\/uploads\/2019\/03\/logo-cabify.jpg 300w\" sizes=\"(max-width: 300px) 100vw, 300px\" \/><\/a><\/p>\n<\/div><div class=\"fusion-clearfix\"><\/div><\/div><\/div><div class=\"fusion-layout-column fusion_builder_column fusion-builder-column-4 fusion_builder_column_4_5 4_5 fusion-four-fifth fusion-column-last\" style=\"width:80%;width:calc(80% - ( ( 4% ) * 0.8 ) );margin-top:0px;margin-bottom:20px;\"><div class=\"fusion-column-wrapper fusion-flex-column-wrapper-legacy\" style=\"background-position:left top;background-repeat:no-repeat;-webkit-background-size:cover;-moz-background-size:cover;-o-background-size:cover;background-size:cover;border-left:5px solid #00488a;padding: 0px 0px 0px 3%;\"><div class=\"fusion-text fusion-text-5\"><h3><a href=\"https:\/\/cabify.com\/brazil\/\" target=\"_blank\" rel=\"noopener noreferrer\"><span style=\"color: #00488a;\">CABIFY<\/span><\/a><\/h3>\n<p>Apoiamos solu\u00e7\u00f5es de mobilidade! Para a 6\u00aa edi\u00e7\u00e3o da MITsp, firmamos uma parceria especial com a Cabify.<\/p>\n<p>Se voc\u00ea j\u00e1 \u00e9 um(a) passageiro(a) usual, use o c\u00f3digo <strong>MITSP2019<\/strong> para obter 20% de desconto, v\u00e1lido em 5 corridas realizadas no per\u00edodo da mostra, de 14 a 24 de mar\u00e7o, no valor m\u00e1ximo de R$ 10 por corrida. O desconto n\u00e3o \u00e9 v\u00e1lido para corridas corporativas e Easy Taxi.<\/p>\n<p>Para novos usu\u00e1rios, o c\u00f3digo promocional \u00e9 <strong>BEMVINDOAMITSP<\/strong>. E o desconto \u00e9 de 30%, v\u00e1lido para 10 corridas no per\u00edodo da mostra, de 14 a 21 de mar\u00e7o, no valor m\u00e1ximo de R$ 10 por corrida. O desconto n\u00e3o \u00e9 v\u00e1lido para corridas corporativas e Easy Taxi.<\/p>\n<\/div><div class=\"fusion-clearfix\"><\/div><\/div><\/div><div class=\"fusion-layout-column fusion_builder_column fusion-builder-column-5 fusion_builder_column_1_5 1_5 fusion-one-fifth fusion-column-first\" style=\"width:20%;width:calc(20% - ( ( 4% ) * 0.2 ) );margin-right: 4%;margin-top:3%;margin-bottom:20px;\"><div class=\"fusion-column-wrapper fusion-flex-column-wrapper-legacy\" style=\"background-position:left top;background-repeat:no-repeat;-webkit-background-size:cover;-moz-background-size:cover;-o-background-size:cover;background-size:cover;padding: 0px 0px 0px 0px;\"><div class=\"fusion-text fusion-text-6\"><p><a href=\"https:\/\/feirasecongressos.com.br\/mitsp-2\/\" target=\"_blank\" rel=\"noopener noreferrer\"><img class=\"alignnone size-full wp-image-4155\" src=\"https:\/\/mitsp.org\/2019\/wp-content\/uploads\/2019\/03\/logo-feiras-congressos.jpg\" alt=\"FEIRAS E CONGRESSOS\" width=\"300\" height=\"160\" srcset=\"https:\/\/mitsp.org\/2019\/wp-content\/uploads\/2019\/03\/logo-feiras-congressos-200x107.jpg 200w, https:\/\/mitsp.org\/2019\/wp-content\/uploads\/2019\/03\/logo-feiras-congressos.jpg 300w\" sizes=\"(max-width: 300px) 100vw, 300px\" \/><\/a><\/p>\n<\/div><div class=\"fusion-clearfix\"><\/div><\/div><\/div><div class=\"fusion-layout-column fusion_builder_column fusion-builder-column-6 fusion_builder_column_4_5 4_5 fusion-four-fifth fusion-column-last\" style=\"width:80%;width:calc(80% - ( ( 4% ) * 0.8 ) );margin-top:0px;margin-bottom:20px;\"><div class=\"fusion-column-wrapper fusion-flex-column-wrapper-legacy\" style=\"background-position:left top;background-repeat:no-repeat;-webkit-background-size:cover;-moz-background-size:cover;-o-background-size:cover;background-size:cover;border-left:5px solid #00488a;padding: 0px 0px 0px 3%;\"><div class=\"fusion-text fusion-text-7\"><h3><a href=\"https:\/\/feirasecongressos.com.br\/mitsp-2\/\" target=\"_blank\" rel=\"noopener noreferrer\"><span style=\"color: #00488a;\">FEIRAS E CONGRESSOS<\/span><\/a><\/h3>\n<p>A ag\u00eancia Feiras e Congressos, parceira da MITsp2019, oferece tarifas especiais de hospedagem, passagens a\u00e9reas e demais servi\u00e7os para garantir que voc\u00ea tenha o m\u00e1ximo de conforto a pre\u00e7os justos. Se voc\u00ea tem interesse ou sabe de algu\u00e9m que vem de longe para a MITsp, \u00e9 s\u00f3 entrar em contato pelo <a href=\"https:\/\/feirasecongressos.com.br\/mitsp-2\/\" target=\"_blank\" rel=\"noopener noreferrer\">https:\/\/feirasecongressos.com.br\/mitsp-2\/.<\/a><\/p>\n<\/div><div class=\"fusion-clearfix\"><\/div><\/div><\/div><div class=\"fusion-layout-column fusion_builder_column fusion-builder-column-7 fusion_builder_column_1_5 1_5 fusion-one-fifth fusion-column-first\" style=\"width:20%;width:calc(20% - ( ( 4% ) * 0.2 ) );margin-right: 4%;margin-top:3%;margin-bottom:20px;\"><div class=\"fusion-column-wrapper fusion-flex-column-wrapper-legacy\" style=\"background-position:left top;background-repeat:no-repeat;-webkit-background-size:cover;-moz-background-size:cover;-o-background-size:cover;background-size:cover;padding: 0px 0px 0px 0px;\"><div class=\"fusion-text fusion-text-8\"><p><img class=\"alignnone size-full wp-image-4195\" src=\"https:\/\/mitsp.org\/2019\/wp-content\/uploads\/2019\/03\/logo-rizoma.jpg\" alt=\"Rizoma\" width=\"300\" height=\"300\" srcset=\"https:\/\/mitsp.org\/2019\/wp-content\/uploads\/2019\/03\/logo-rizoma-66x66.jpg 66w, https:\/\/mitsp.org\/2019\/wp-content\/uploads\/2019\/03\/logo-rizoma-150x150.jpg 150w, https:\/\/mitsp.org\/2019\/wp-content\/uploads\/2019\/03\/logo-rizoma-200x200.jpg 200w, https:\/\/mitsp.org\/2019\/wp-content\/uploads\/2019\/03\/logo-rizoma.jpg 300w\" sizes=\"(max-width: 300px) 100vw, 300px\" \/><\/p>\n<\/div><div class=\"fusion-clearfix\"><\/div><\/div><\/div><div class=\"fusion-layout-column fusion_builder_column fusion-builder-column-8 fusion_builder_column_4_5 4_5 fusion-four-fifth fusion-column-last\" style=\"width:80%;width:calc(80% - ( ( 4% ) * 0.8 ) );margin-top:0px;margin-bottom:20px;\"><div class=\"fusion-column-wrapper fusion-flex-column-wrapper-legacy\" style=\"background-position:left top;background-repeat:no-repeat;-webkit-background-size:cover;-moz-background-size:cover;-o-background-size:cover;background-size:cover;border-left:5px solid #00488a;padding: 0px 0px 0px 3%;\"><div class=\"fusion-text fusion-text-9\"><h3><span style=\"color: #00488a;\">RIZOMAM\u00d3VEL<\/span><\/h3>\n<p>A revista Cartografias MITsp 2019 e as camisetas exclusivas do projeto Cena Vestida estar\u00e3o \u00e0 venda no Rizomam\u00f3vel, estacionado na frente do Al Janiah.<\/p>\n<p><strong>QUANDO:<\/strong><br \/>\nDe ter\u00e7a a s\u00e1bado, a partir das 18h; e aos domingos, a partir das 20h<\/p>\n<p><strong>HOR\u00c1RIO DE FUNCIONAMENTO:<\/strong><br \/>\ndas 18h \u00e0s 0h<\/p>\n<p><strong>REVISTA CARTOGRAFIAS MITsp 2019 <\/strong>(\u00e0 venda a partir do dia 19 de mar\u00e7o):<br \/>\nR$ 30<\/p>\n<p><strong>CAMISETAS CENA VESTIDA:<\/strong><br \/>\nR$ 75<\/p>\n<\/div><div class=\"fusion-clearfix\"><\/div><\/div><\/div><\/div><\/div>\n","protected":false},"excerpt":{"rendered":"","protected":false},"author":1,"featured_media":0,"parent":0,"menu_order":11,"comment_status":"closed","ping_status":"closed","template":"","meta":[],"yst_prominent_words":[],"acf":[],"_links":{"self":[{"href":"https:\/\/mitsp.org\/2019\/wp-json\/wp\/v2\/pages\/4151"}],"collection":[{"href":"https:\/\/mitsp.org\/2019\/wp-json\/wp\/v2\/pages"}],"about":[{"href":"https:\/\/mitsp.org\/2019\/wp-json\/wp\/v2\/types\/page"}],"author":[{"embeddable":true,"href":"https:\/\/mitsp.org\/2019\/wp-json\/wp\/v2\/users\/1"}],"replies":[{"embeddable":true,"href":"https:\/\/mitsp.org\/2019\/wp-json\/wp\/v2\/comments?post=4151"}],"version-history":[{"count":0,"href":"https:\/\/mitsp.org\/2019\/wp-json\/wp\/v2\/pages\/4151\/revisions"}],"wp:attachment":[{"href":"https:\/\/mitsp.org\/2019\/wp-json\/wp\/v2\/media?parent=4151"}],"wp:term":[{"taxonomy":"yst_prominent_words","embeddable":true,"href":"https:\/\/mitsp.org\/2019\/wp-json\/wp\/v2\/yst_prominent_words?post=4151"}],"curies":[{"name":"wp","href":"https:\/\/api.w.org\/{rel}","templated":true}]}}