{"id":4051,"date":"2019-03-10T07:01:34","date_gmt":"2019-03-10T10:01:34","guid":{"rendered":"https:\/\/mitsp.org\/2019\/?page_id=4051"},"modified":"2019-03-28T16:35:40","modified_gmt":"2019-03-28T19:35:40","slug":"apresentacao-site","status":"publish","type":"page","link":"https:\/\/mitsp.org\/2019\/apresentacao-site\/","title":{"rendered":"APRESENTA\u00c7\u00c3O"},"content":{"rendered":"<p><div class=\"fusion-fullwidth fullwidth-box fusion-builder-row-1 nonhundred-percent-fullwidth non-hundred-percent-height-scrolling\" style=\"background-color: rgba(255,255,255,0);background-position: center center;background-repeat: no-repeat;padding-top:0px;padding-right:0px;padding-bottom:0px;padding-left:0px;margin-bottom: 0px;margin-top: 0px;border-width: 0px 0px 0px 0px;border-color:#eae9e9;border-style:solid;\" ><div class=\"fusion-builder-row fusion-row\"><div class=\"fusion-layout-column fusion_builder_column fusion-builder-column-0 fusion_builder_column_1_1 1_1 fusion-one-full fusion-column-first fusion-column-last\" style=\"margin-top:0px;margin-bottom:20px;\"><div class=\"fusion-column-wrapper fusion-flex-column-wrapper-legacy\" style=\"background-position:left top;background-repeat:no-repeat;-webkit-background-size:cover;-moz-background-size:cover;-o-background-size:cover;background-size:cover;padding: 0px 10% 0px 10%;\"><div class=\"fusion-text fusion-text-1\"><h2>APRESENTA\u00c7\u00c3O<\/h2>\n<p>Desde 2014, a<strong> MITsp \u2013 Mostra Internacional de Teatro de S\u00e3o Paulo<\/strong> re\u00fane um recorte significativo da cena contempor\u00e2nea mundial, produ\u00e7\u00f5es que enveredam pela experimenta\u00e7\u00e3o de linguagens, mas tamb\u00e9m possuem uma postura cr\u00edtica ao seu tempo. Em 2019, o eixo <strong><a href=\"https:\/\/mitsp.org\/2019\/mostra-de-espetaculos\/\" target=\"_blank\" rel=\"noopener noreferrer\">Mostra de Espet\u00e1culos<\/a><\/strong> contempla obras internacionais e estreias nacionais. <strong><a href=\"https:\/\/mitsp.org\/2019\/mitbr\/\" target=\"_blank\" rel=\"noopener noreferrer\">A MITbr \u2013 Plataforma Brasil<\/a><\/strong>, que come\u00e7ou no ano passado, se consolida, abarcando a apresenta\u00e7\u00e3o de montagens brasileiras selecionadas por uma chamada p\u00fablica e a segunda edi\u00e7\u00e3o do semin\u00e1rio sobre internacionaliza\u00e7\u00e3o das artes c\u00eanicas do pa\u00eds. Integram ainda a programa\u00e7\u00e3o as atividades dos <strong><a href=\"https:\/\/mitsp.org\/2019\/olhares-criticos\/\" target=\"_blank\" rel=\"noopener noreferrer\">Olhares Cr\u00edticos<\/a><\/strong>, voltadas \u00e0 reflex\u00e3o sobre quest\u00f5es est\u00e9ticas e pol\u00edticas; e o eixo <a href=\"https:\/\/mitsp.org\/2019\/acoes-pedagogicas\/\" target=\"_blank\" rel=\"noopener noreferrer\"><strong>A\u00e7\u00f5es Pedag\u00f3gicas<\/strong><\/a>, com resid\u00eancias, oficinas, interc\u00e2mbios e atividades que mobilizam corpos para pensar po\u00e9ticas, pr\u00e1ticas e pol\u00edticas.<\/p>\n<\/div><div class=\"fusion-clearfix\"><\/div><\/div><\/div><\/div><\/div><div class=\"fusion-fullwidth fullwidth-box fusion-builder-row-2 fusion-parallax-none nonhundred-percent-fullwidth non-hundred-percent-height-scrolling\" style=\"background-color: rgba(255,255,255,0);background-image: url(&quot;https:\/\/mitsp.org\/2019\/wp-content\/uploads\/2019\/02\/HOME_divisao2.jpg&quot;);background-position: center center;background-repeat: no-repeat;padding-top:4%;padding-right:0px;padding-bottom:4%;padding-left:0px;margin-bottom: 0px;margin-top: 0px;border-width: 0px 0px 0px 0px;border-color:#eae9e9;border-style:solid;-webkit-background-size:cover;-moz-background-size:cover;-o-background-size:cover;background-size:cover;\" ><div class=\"fusion-builder-row fusion-row\"><div class=\"fusion-layout-column fusion_builder_column fusion-builder-column-1 fusion_builder_column_1_1 1_1 fusion-one-full fusion-column-first fusion-column-last\" style=\"margin-top:0px;margin-bottom:20px;\"><div class=\"fusion-column-wrapper fusion-flex-column-wrapper-legacy\" style=\"background-position:left top;background-repeat:no-repeat;-webkit-background-size:cover;-moz-background-size:cover;-o-background-size:cover;background-size:cover;padding: 0px 0px 0px 0px;\"><div class=\"fusion-text fusion-text-2\"><h3 style=\"text-align: center;\"><span style=\"color: #ffffff;\"><strong>18 teatros, sendo 9 deles p\u00fablicos<\/strong><\/span><br \/>\n<span style=\"color: #ffffff;\"><strong>2 apresenta\u00e7\u00f5es na rua<\/strong><\/span><br \/>\n<span style=\"color: #ffffff;\"><strong>Atividades de Olhares Cr\u00edticos e A\u00e7\u00f5es Pedag\u00f3gicas em 22 espa\u00e7os<\/strong><\/span><\/p>\n<\/div><div class=\"fusion-clearfix\"><\/div><\/div><\/div><\/div><\/div><div class=\"fusion-fullwidth fullwidth-box fusion-builder-row-3 nonhundred-percent-fullwidth non-hundred-percent-height-scrolling\" style=\"background-color: rgba(255,255,255,0);background-position: center center;background-repeat: no-repeat;padding-top:0px;padding-right:0px;padding-bottom:0px;padding-left:0px;margin-bottom: 0px;margin-top: 0px;border-width: 0px 0px 0px 0px;border-color:#eae9e9;border-style:solid;\" ><div class=\"fusion-builder-row fusion-row\"><div class=\"fusion-layout-column fusion_builder_column fusion-builder-column-2 fusion_builder_column_1_1 1_1 fusion-one-full fusion-column-first fusion-column-last\" style=\"margin-top:0px;margin-bottom:20px;\"><div class=\"fusion-column-wrapper fusion-flex-column-wrapper-legacy\" style=\"background-position:left top;background-repeat:no-repeat;-webkit-background-size:cover;-moz-background-size:cover;-o-background-size:cover;background-size:cover;padding: 0px 0px 0px 0px;\"><div class=\"fusion-text fusion-text-3\"><h3>MOSTRA DE ESPET\u00c1CULOS<\/h3>\n<div class=\"fusion-sep-clear\"><\/div><div class=\"fusion-separator fusion-full-width-sep\" style=\"margin-left: auto;margin-right: auto;margin-bottom:20px;width:100%;\"><\/div><div class=\"fusion-sep-clear\"><\/div>\n<h5><span style=\"color: #ffffff;\"><strong><span style=\"background-color: #e5bb50; padding: 10px 10px 10px 110px;\">46 sess\u00f5es no total, sendo 14 gratuitas <\/span><\/strong><\/span><\/h5>\n<div class=\"fusion-sep-clear\"><\/div><div class=\"fusion-separator fusion-full-width-sep\" style=\"margin-left: auto;margin-right: auto;margin-bottom:20px;width:100%;\"><\/div><div class=\"fusion-sep-clear\"><\/div>\n<p style=\"padding-left: 80px;\">O artista em foco internacional \u00e9 o encenador Milo Rau, que, desde o ano passado, assumiu a dire\u00e7\u00e3o art\u00edstica de um dos teatros p\u00fablicos mais importantes da Europa, o NT Gent, na B\u00e9lgica. O interesse de Rau est\u00e1 nos conflitos humanos, hist\u00f3ricos, sociopol\u00edticos e no pensamento sobre o teatro. Em <a href=\"https:\/\/mitsp.org\/2019\/repeticao-historias-do-teatro\/\"><em>A Repeti\u00e7\u00e3o. Hist\u00f3ria(s) do Teatro (I)<\/em><\/a>, que abre a MITsp no dia 14 de mar\u00e7o, no Audit\u00f3rio Ibirapuera \u2013 Oscar Niemeyer, um caso de homofobia e xenofobia que resultou na morte de um jovem na B\u00e9lgica \u00e9 levado ao palco; em <a href=\"https:\/\/mitsp.org\/2019\/cinco-pecas-faceis\/\"><em>Cinco Pe\u00e7as F\u00e1ceis<\/em><\/a>, outra hist\u00f3ria real de viol\u00eancia, ocorrida na B\u00e9lgica; e em <a href=\"https:\/\/mitsp.org\/2019\/compaixao-historia-da-metralhadora\/\"><em>Compaix\u00e3o. A Hist\u00f3ria da Metralhadora<\/em><\/a>, a crise dos refugiados e a rela\u00e7\u00e3o hist\u00f3rica entre Europa e \u00c1frica.<\/p>\n<p style=\"padding-left: 80px;\">Dieudonn\u00e9 Niangouna, nascido no Congo, radicado na Fran\u00e7a, envereda pela discuss\u00e3o sobre os resqu\u00edcios das coloniza\u00e7\u00f5es em <a href=\"https:\/\/mitsp.org\/2019\/o-alicerce-das-vertigens\/\"><em>O Alicerce das Vertigens<\/em><\/a> a partir de uma hist\u00f3ria ficcional. <a href=\"https:\/\/mitsp.org\/2019\/democracia\/\"><em>Democracia<\/em><\/a>, coprodu\u00e7\u00e3o entre a MITsp, Universidade Finis Terrae e Fundaci\u00f3n Teatro a Mil, de Felipe Hirsch, destaca as contradi\u00e7\u00f5es na democracia chilena p\u00f3s-ditadura. Do Chile, a MITsp recebe ainda o espet\u00e1culo <a href=\"https:\/\/mitsp.org\/2019\/paisagens-para-nao-colorir\/\"><em>Paisagens para N\u00e3o Colorir<\/em><\/a>, da Companhia La Re-Sentida, criado a partir de testemunhos de mais de 100 adolescentes mulheres, v\u00edtimas de viol\u00eancia.<\/p>\n<p style=\"padding-left: 80px;\"><a href=\"https:\/\/mitsp.org\/2019\/mdlsx\/\"><em>MDLSX<\/em><\/a>, da italiana MOTUS, discute o respeito \u00e0s diferen\u00e7as e a supera\u00e7\u00e3o do comportamento bin\u00e1rio, numa performance solo com refer\u00eancias liter\u00e1rias e autobiogr\u00e1ficas. Na pe\u00e7a <a href=\"https:\/\/mitsp.org\/2019\/partir-com-beleza\/\"><em>Partir com Beleza<\/em><\/a>, o marroquino radicado na Fran\u00e7a Mohamed El Khatib trabalha com um tema delicado, \u00edntimo, mas, ao mesmo tempo, universal: a morte da m\u00e3e.<\/p>\n<p style=\"padding-left: 80px;\">Em <a href=\"https:\/\/mitsp.org\/2019\/magica-de-verdade\/\"><em>M\u00e1gica de Verdade<\/em>,<\/a> da inglesa Forced Entertainment, nos deparamos com a p\u00f3s verdade, a corrup\u00e7\u00e3o e a manipula\u00e7\u00e3o da m\u00eddia, que emergem a partir de um game show. A companhia foi a vencedora do The International Ibsen Award 2016, considerado o \u201cPr\u00eamio Nobel\u201d do teatro.<\/p>\n<p style=\"padding-left: 80px;\">Al\u00e9m dos trabalhos internacionais, o eixo Mostra de Espet\u00e1culos inclui tr\u00eas estreias. <a href=\"https:\/\/mitsp.org\/2019\/a-boba\/\"><em>A Boba<\/em><\/a>, de Wagner Schwartz, confronta a ideia de na\u00e7\u00e3o a partir da rela\u00e7\u00e3o com a obra hom\u00f4nima de Anita Malfatti. Renata Carvalho conta a hist\u00f3ria do corpo travesti em <a href=\"https:\/\/mitsp.org\/2019\/manifesto-transpofagico\/\"><em>Manifesto Transpof\u00e1gico<\/em>.<\/a> Gabriela Carneiro da Cunha estreia <a href=\"https:\/\/mitsp.org\/2019\/altamira\/\"><em>Altamira 2042<\/em><\/a>, uma instaura\u00e7\u00e3o sonora que amplifica testemunhos sobre a hidrel\u00e9trica de Belo Monte.<\/p>\n<h3>MITbr \u2013 PLATAFORMA BRASIL<\/h3>\n<div class=\"fusion-sep-clear\"><\/div><div class=\"fusion-separator fusion-full-width-sep\" style=\"margin-left: auto;margin-right: auto;margin-bottom:20px;width:100%;\"><\/div><div class=\"fusion-sep-clear\"><\/div>\n<h5><span style=\"color: #ffffff;\"><strong><span style=\"background-color: #7e3f3f; padding: 10px 10px 10px 110px;\">25 sess\u00f5es no total, sendo 10 gratuitas <\/span><\/strong><\/span><\/h5>\n<div class=\"fusion-sep-clear\"><\/div><div class=\"fusion-separator fusion-full-width-sep\" style=\"margin-left: auto;margin-right: auto;margin-bottom:20px;width:100%;\"><\/div><div class=\"fusion-sep-clear\"><\/div>\n<p style=\"padding-left: 80px;\">A MITbr explicita a diversidade da produ\u00e7\u00e3o contempor\u00e2nea brasileira n\u00e3o s\u00f3 no que diz respeito \u00e0s quest\u00f5es est\u00e9ticas, mas \u00e0 pluralidade das discuss\u00f5es que se desprendem do nosso contexto.<\/p>\n<p style=\"padding-left: 80px;\">Em <a href=\"https:\/\/mitsp.org\/2019\/vestigios\/\"><em>Vest\u00edgios<\/em><\/a>, a artista em foco Marta Soares pesquisou em cemit\u00e9rios ind\u00edgenas pr\u00e9-hist\u00f3ricos durante o processo de cria\u00e7\u00e3o do trabalho. A core\u00f3grafa e bailarina possui uma trajet\u00f3ria de relev\u00e2ncia significativa no pa\u00eds, desenvolvendo um trabalho que investiga possibilidades de interse\u00e7\u00f5es entre a dan\u00e7a, as artes visuais, a arte perform\u00e1tica e a m\u00fasica.<\/p>\n<p style=\"padding-left: 80px;\">O debate sobre descoloniza\u00e7\u00e3o tamb\u00e9m est\u00e1 presente nos eixos pedag\u00f3gico e reflexivo e ganha forma com <a href=\"https:\/\/mitsp.org\/2019\/colonia\/\"><em>Col\u00f4nia<\/em><\/a>. Renato Livera convida a plateia a acompanhar a evolu\u00e7\u00e3o de um pensamento a partir das designa\u00e7\u00f5es do termo que d\u00e1 t\u00edtulo \u00e0 pe\u00e7a. <a href=\"https:\/\/mitsp.org\/2019\/protocolo-elefante\/\"><em>Protocolo Elefante<\/em><\/a>, do grupo Cena 11, e <a href=\"https:\/\/mitsp.org\/2019\/boca-de-ferro\/\"><em>Boca de Ferro<\/em><\/a>, com o performer \u00cdcaro dos Passos Gaya, est\u00e3o mais voltados \u00e0 investiga\u00e7\u00e3o c\u00eanica de um corpo que n\u00e3o necessariamente \u00e9 o normativo. De modo semelhante, <a href=\"https:\/\/mitsp.org\/2019\/cria\/\"><em>Cria<\/em> <\/a>mergulha nas linguagens art\u00edsticas perif\u00e9ricas, tendo como inspira\u00e7\u00e3o o passinho. Discuss\u00f5es urgentes sobre as rela\u00e7\u00f5es do homem contempor\u00e2neo com as religi\u00f5es e a f\u00e9 s\u00e3o evidenciadas em <a href=\"https:\/\/mitsp.org\/2019\/altissimo\/\"><em>Alt\u00edssimo<\/em><\/a>, e sobre o racismo como pr\u00e1tica estrutural no Brasil, em <a href=\"https:\/\/mitsp.org\/2019\/isto-e-um-negro\/\"><em>Isto \u00e9 um Negro?<\/em>.<\/a><\/p>\n<p style=\"padding-left: 80px;\"><a href=\"https:\/\/mitsp.org\/2019\/lobo\/\"><em>Lobo<\/em> <\/a>e <em><a href=\"https:\/\/mitsp.org\/2019\/vulva\/\">V:U:L:V:A<\/a> <\/em>colocam em jogo quest\u00f5es do feminino e do feminismo, chamando aten\u00e7\u00e3o para o h\u00e1bito da sociedade de colonizar o corpo das mulheres. A interven\u00e7\u00e3o c\u00eanica <a href=\"https:\/\/mitsp.org\/2019\/ver-ter-a-deriva\/\"><em>(ver[ ]ter) \u00e0 deriva<\/em><\/a> leva \u00e0s ruas uma apropria\u00e7\u00e3o de elementos da performance, como a presen\u00e7a dos corpos, o contato direto, o elemento de risco, ocupando os espa\u00e7os na Avenida Paulista com sons, imagens, dan\u00e7as e a\u00e7\u00f5es criadas a partir das obras do artista brit\u00e2nico Banksy. Os m\u00fasicos do quarteto de jazz \u00c0 Deriva executam a m\u00fasica ao vivo.<\/p>\n<p style=\"padding-left: 80px;\">Para al\u00e9m da apresenta\u00e7\u00e3o dos espet\u00e1culos, diante da import\u00e2ncia de difundir a produ\u00e7\u00e3o cultural brasileira no exterior, o eixo realiza o II Semin\u00e1rio de Internacionaliza\u00e7\u00e3o das Artes C\u00eanicas Brasileiras, que reunir\u00e1 artistas, programadores, produtores, curadores e gestores p\u00fablicos e privados.<\/p>\n<h3>OLHARES CR\u00cdTICOS<\/h3>\n<div class=\"fusion-sep-clear\"><\/div><div class=\"fusion-separator fusion-full-width-sep\" style=\"margin-left: auto;margin-right: auto;margin-bottom:20px;width:100%;\"><\/div><div class=\"fusion-sep-clear\"><\/div>\n<h5><span style=\"color: #ffffff;\"><strong><span style=\"background-color: #d37a21; padding: 10px 10px 10px 110px;\">40 atividades gratuitas<\/span><\/strong><\/span><\/h5>\n<div class=\"fusion-sep-clear\"><\/div><div class=\"fusion-separator fusion-full-width-sep\" style=\"margin-left: auto;margin-right: auto;margin-bottom:20px;width:100%;\"><\/div><div class=\"fusion-sep-clear\"><\/div>\n<p style=\"padding-left: 80px;\">Pensada como uma rede de a\u00e7\u00f5es de media\u00e7\u00e3o que acontecem em diferentes formatos, a programa\u00e7\u00e3o dos <a href=\"https:\/\/mitsp.org\/2019\/olhares-criticos\/\">Olhares Cr\u00edticos<\/a> convida \u00e0 reflex\u00e3o sobre as artes c\u00eanicas e a contemporaneidade a partir da publica\u00e7\u00e3o de artigos, entrevistas e cr\u00edticas, e da realiza\u00e7\u00e3o de debates, conversas e mesas com pensadores de diferentes \u00e1reas e lugares de fala.<\/p>\n<p style=\"padding-left: 80px;\">O semin\u00e1rio das Reflex\u00f5es Est\u00e9tico-Pol\u00edticas debate o estatuto da arte no Brasil contempor\u00e2neo, discutindo quest\u00f5es como a rela\u00e7\u00e3o entre arte e inf\u00e2ncia, a criminaliza\u00e7\u00e3o dos saberes n\u00e3o hegem\u00f4nicos, o \u00f3dio \u00e0 arte e a nega\u00e7\u00e3o da hist\u00f3ria. Na abertura, juristas abordam Direito, liberdade de express\u00e3o, a realidade social da inf\u00e2ncia e da juventude na rela\u00e7\u00e3o com o teatro.<\/p>\n<p style=\"padding-left: 80px;\">O F\u00f3rum Descoloniza\u00e7\u00e3o: os Desafios de quem Vive em Estado de Emerg\u00eancia pretende reunir artistas e pesquisadores que indagam, cada qual com base em suas experi\u00eancias, como a arte lida \u2013 ou deixa de lidar \u2013 com os processos de descoloniza\u00e7\u00e3o.<\/p>\n<p style=\"padding-left: 80px;\"><a href=\"https:\/\/mitsp.org\/2019\/master-class-com-carol-martin\/\">Carol Martin<\/a>, professora e pesquisadora da New York University (NYU), ministra uma masterclass sobre o teatro document\u00e1rio contempor\u00e2neo e os teatros do real. O dramaturgo e diretor congol\u00eas <a href=\"https:\/\/mitsp.org\/2019\/masterclass-com-dieudonne-niangouna\/\">Dieudonn\u00e9e Niangouna<\/a> ministra uma masterclass e conversa com as atrizes da pe\u00e7a <a href=\"https:\/\/mitsp.org\/2019\/compaixao-historia-da-metralhadora\/\"><em>Compaix\u00e3o. A Hist\u00f3ria da Metralhadora<\/em>.<\/a> Tamb\u00e9m ser\u00e3o realizadas entrevistas p\u00fablicas com <a href=\"https:\/\/mitsp.org\/2019\/entrevista-publica-com-marta-soares\/\">Marta Soares<\/a>, <a href=\"https:\/\/mitsp.org\/2019\/entrevista-publica-com-marta-soares\/\">Milo Rau e Wagner Schwartz<\/a>.<\/p>\n<p style=\"padding-left: 80px;\"><a href=\"https:\/\/mitsp.org\/2019\/revista-cartografias\/\">A revista Cartografias MITsp 2019<\/a>, concebida e realizada em parceria com a pesquisadora S\u00edlvia Fernandes, publica entrevistas com os artistas da mostra, feitas com a colabora\u00e7\u00e3o de Julia Guimar\u00e3es, al\u00e9m de artigos com recortes transversais a partir dos espet\u00e1culos da programa\u00e7\u00e3o. Pela primeira vez, o cat\u00e1logo inclui um artigo escrito por um l\u00edder ind\u00edgena,<a href=\"https:\/\/mitsp.org\/2019\/abertura-forum-descolonizacao-com-ailton-krenak\/\"> Ailton Krenak<\/a>, no Dossi\u00ea Reflex\u00f5es Est\u00e9tico-Pol\u00edticas.<\/p>\n<h3>A\u00c7\u00d5ES PEDAG\u00d3GICAS<\/h3>\n<div class=\"fusion-sep-clear\"><\/div><div class=\"fusion-separator fusion-full-width-sep\" style=\"margin-left: auto;margin-right: auto;margin-bottom:20px;width:100%;\"><\/div><div class=\"fusion-sep-clear\"><\/div>\n<h5><span style=\"color: #ffffff;\"><strong><span style=\"background-color: #ac4848; padding: 10px 10px 10px 110px;\">24 atividades gratuitas<\/span><\/strong><\/span><\/h5>\n<div class=\"fusion-sep-clear\"><\/div><div class=\"fusion-separator fusion-full-width-sep\" style=\"margin-left: auto;margin-right: auto;margin-bottom:20px;width:100%;\"><\/div><div class=\"fusion-sep-clear\"><\/div>\n<p style=\"padding-left: 80px;\">O eixo A\u00e7\u00f5es Pedag\u00f3gicas prop\u00f5e a reflex\u00e3o sobre po\u00e9ticas e pr\u00e1ticas decoloniais em uma cena ampliada, que borra as fronteiras art\u00edsticas e pol\u00edticas. A programa\u00e7\u00e3o come\u00e7ou quase um m\u00eas antes da abertura oficial da MITsp, no dia 18 de fevereiro, com o interc\u00e2mbio art\u00edstico com o artista <a href=\"https:\/\/mitsp.org\/2019\/eu-o-espelho-do-outro-intercambio-artistico-com-arkadi-zaides-israel\/\">Arkadi Zaides<\/a>, israelense radicado na Fran\u00e7a que esteve na <a href=\"https:\/\/mitsp.org\/2015\/\" target=\"_blank\" rel=\"noopener noreferrer\">MITsp em 2015<\/a>, apresentando o espet\u00e1culo <a href=\"https:\/\/mitsp.org\/2015\/portfolio\/arquivo\/?portfolioCats=6\" target=\"_blank\" rel=\"noopener noreferrer\"><em>Arquivo<\/em><\/a>.<\/p>\n<p style=\"padding-left: 80px;\">Ativistas, representantes de movimentos sociais da Am\u00e9rica Latina e performers tamb\u00e9m participam de um interc\u00e2mbio intitulado <a href=\"https:\/\/mitsp.org\/2019\/coletividades-em-cena-encontros-de-resistencia\/\">Coletividades em Cena \u2013 Encontros de Resist\u00eancia<\/a>, que evidencia quais causas nos movem. <a href=\"https:\/\/mitsp.org\/2019\/do-lugar-ao-nao-lugar-com-marta-soares-brasil\/\">Marta Soares<\/a>, artista em foco na MITbr, orienta uma a\u00e7\u00e3o perform\u00e1tica a partir de procedimentos utilizados na sua pr\u00f3pria pesquisa, inclusive uma imers\u00e3o f\u00edsica, neste caso em trechos do Caminho do Peabiru, antiga rota ind\u00edgena que cruza a cidade de S\u00e3o Paulo. A venezuelana <a href=\"https:\/\/mitsp.org\/2019\/como-ser-artista-na-venezuela-de-hoje-com-deborah-castilho\/\">Deborah Castillo<\/a> realiza uma a\u00e7\u00e3o perform\u00e1tica que questiona o poder na Am\u00e9rica Latina e partilha com o p\u00fablico suas reflex\u00f5es como artista diante do contexto atual de seu pa\u00eds.<\/p>\n<p style=\"padding-left: 80px;\">Em conson\u00e2ncia com o Semin\u00e1rio de Internacionaliza\u00e7\u00e3o das Artes C\u00eanicas, Amy Saunders, do Reino Unido, orienta a oficina <a href=\"https:\/\/mitsp.org\/2019\/festival-fringe-de-edimburgo-da-sobrevivencia-ao-exito-com-amy-saunders\/\">Festival Fringe de Edinburgo \u2013 da Sobreviv\u00eancia ao \u00caxito<\/a>; e a confer\u00eancia Fringe: o Maior Mercado de Artes do Mundo. J\u00e1 o produtor Gie Baguet tamb\u00e9m discute circula\u00e7\u00e3o internacional na oficina e na confer\u00eancia <a href=\"https:\/\/mitsp.org\/2019\/filosofia-do-entusiasmo-com-gie-baguet-belgica\/\">A Filosofia do Entusiasmo.<\/a><\/p>\n<\/div><div class=\"fusion-clearfix\"><\/div><\/div><\/div><\/div><\/div><div class=\"fusion-fullwidth fullwidth-box fusion-builder-row-4 fusion-parallax-none nonhundred-percent-fullwidth non-hundred-percent-height-scrolling\" style=\"background-color: rgba(255,255,255,0);background-image: url(&quot;https:\/\/mitsp.org\/2019\/wp-content\/uploads\/2019\/02\/HOME_banner-de-cadastro.jpg&quot;);background-position: center center;background-repeat: no-repeat;padding-top:2%;padding-right:0px;padding-bottom:2%;padding-left:0px;margin-bottom: 0px;margin-top: 0px;border-width: 0px 0px 0px 0px;border-color:#eae9e9;border-style:solid;-webkit-background-size:cover;-moz-background-size:cover;-o-background-size:cover;background-size:cover;\" ><div class=\"fusion-builder-row fusion-row\"><div class=\"fusion-layout-column fusion_builder_column fusion-builder-column-3 fusion_builder_column_1_1 1_1 fusion-one-full fusion-column-first fusion-column-last\" style=\"margin-top:0px;margin-bottom:20px;\"><div class=\"fusion-column-wrapper fusion-flex-column-wrapper-legacy\" style=\"background-position:left top;background-repeat:no-repeat;-webkit-background-size:cover;-moz-background-size:cover;-o-background-size:cover;background-size:cover;padding: 0px 0px 0px 0px;\"><div class=\"fusion-text fusion-text-4\"><h3 style=\"text-align: center;\"><span style=\"color: #ffffff;\">N\u00daMEROS DAS \u00daLTIMAS CINCO EDI\u00c7\u00d5ES DE MITsp<\/span><\/h3>\n<\/div><div class=\"fusion-clearfix\"><\/div><\/div><\/div><div class=\"fusion-layout-column fusion_builder_column fusion-builder-column-4 fusion_builder_column_1_4 1_4 fusion-one-fourth fusion-column-first\" style=\"width:25%;width:calc(25% - ( ( 4% + 4% + 4% ) * 0.25 ) );margin-right: 4%;margin-top:0px;margin-bottom:20px;\"><div class=\"fusion-column-wrapper fusion-flex-column-wrapper-legacy\" style=\"background-position:left top;background-repeat:no-repeat;-webkit-background-size:cover;-moz-background-size:cover;-o-background-size:cover;background-size:cover;border:1px solid #ffffff;padding: 2% 2% 2% 2%;\"><div class=\"fusion-text fusion-text-5\"><h4 style=\"text-align: center;\"><strong><span style=\"color: #ffffff;\">+ de 100 mil<\/span><\/strong><br \/>\n<strong><span style=\"color: #ffffff;\">espectadores<\/span><\/strong><\/h4>\n<\/div><div class=\"fusion-clearfix\"><\/div><\/div><\/div><div class=\"fusion-layout-column fusion_builder_column fusion-builder-column-5 fusion_builder_column_1_4 1_4 fusion-one-fourth\" style=\"width:25%;width:calc(25% - ( ( 4% + 4% + 4% ) * 0.25 ) );margin-right: 4%;margin-top:0px;margin-bottom:20px;\"><div class=\"fusion-column-wrapper fusion-flex-column-wrapper-legacy\" style=\"background-position:left top;background-repeat:no-repeat;-webkit-background-size:cover;-moz-background-size:cover;-o-background-size:cover;background-size:cover;border:1px solid #ffffff;padding: 2% 2% 2% 2%;\"><div class=\"fusion-text fusion-text-6\"><h4 style=\"text-align: center;\"><strong><span style=\"color: #ffffff;\">+ de 35 pa\u00edses<\/span><\/strong><br \/>\n<strong><span style=\"color: #ffffff;\">em destaque<\/span><\/strong><\/h4>\n<\/div><div class=\"fusion-clearfix\"><\/div><\/div><\/div><div class=\"fusion-layout-column fusion_builder_column fusion-builder-column-6 fusion_builder_column_1_4 1_4 fusion-one-fourth\" style=\"width:25%;width:calc(25% - ( ( 4% + 4% + 4% ) * 0.25 ) );margin-right: 4%;margin-top:0px;margin-bottom:20px;\"><div class=\"fusion-column-wrapper fusion-flex-column-wrapper-legacy\" style=\"background-position:left top;background-repeat:no-repeat;-webkit-background-size:cover;-moz-background-size:cover;-o-background-size:cover;background-size:cover;border:1px solid #ffffff;padding: 2% 2% 2% 2%;\"><div class=\"fusion-text fusion-text-7\"><h4 style=\"text-align: center;\"><strong><span style=\"color: #ffffff;\">+ de 60 espet\u00e1culos<\/span><\/strong><br \/>\n<strong><span style=\"color: #ffffff;\">apresentados<\/span><\/strong><\/h4>\n<\/div><div class=\"fusion-clearfix\"><\/div><\/div><\/div><div class=\"fusion-layout-column fusion_builder_column fusion-builder-column-7 fusion_builder_column_1_4 1_4 fusion-one-fourth fusion-column-last\" style=\"width:25%;width:calc(25% - ( ( 4% + 4% + 4% ) * 0.25 ) );margin-top:0px;margin-bottom:20px;\"><div class=\"fusion-column-wrapper fusion-flex-column-wrapper-legacy\" style=\"background-position:left top;background-repeat:no-repeat;-webkit-background-size:cover;-moz-background-size:cover;-o-background-size:cover;background-size:cover;border:1px solid #ffffff;padding: 2% 2% 2% 2%;\"><div class=\"fusion-text fusion-text-8\"><h4 style=\"text-align: center;\"><strong><span style=\"color: #ffffff;\">+ de 220<\/span><\/strong><br \/>\n<strong><span style=\"color: #ffffff;\">sess\u00f5es<\/span><\/strong><\/h4>\n<\/div><div class=\"fusion-clearfix\"><\/div><\/div><\/div><\/div><\/div><\/p>\n","protected":false},"excerpt":{"rendered":"","protected":false},"author":1,"featured_media":0,"parent":0,"menu_order":15,"comment_status":"closed","ping_status":"closed","template":"100-width.php","meta":[],"yst_prominent_words":[],"acf":[],"_links":{"self":[{"href":"https:\/\/mitsp.org\/2019\/wp-json\/wp\/v2\/pages\/4051"}],"collection":[{"href":"https:\/\/mitsp.org\/2019\/wp-json\/wp\/v2\/pages"}],"about":[{"href":"https:\/\/mitsp.org\/2019\/wp-json\/wp\/v2\/types\/page"}],"author":[{"embeddable":true,"href":"https:\/\/mitsp.org\/2019\/wp-json\/wp\/v2\/users\/1"}],"replies":[{"embeddable":true,"href":"https:\/\/mitsp.org\/2019\/wp-json\/wp\/v2\/comments?post=4051"}],"version-history":[{"count":0,"href":"https:\/\/mitsp.org\/2019\/wp-json\/wp\/v2\/pages\/4051\/revisions"}],"wp:attachment":[{"href":"https:\/\/mitsp.org\/2019\/wp-json\/wp\/v2\/media?parent=4051"}],"wp:term":[{"taxonomy":"yst_prominent_words","embeddable":true,"href":"https:\/\/mitsp.org\/2019\/wp-json\/wp\/v2\/yst_prominent_words?post=4051"}],"curies":[{"name":"wp","href":"https:\/\/api.w.org\/{rel}","templated":true}]}}