{"id":4045,"date":"2019-03-10T06:44:09","date_gmt":"2019-03-10T09:44:09","guid":{"rendered":"https:\/\/mitsp.org\/2019\/?page_id=4045"},"modified":"2019-03-10T06:44:09","modified_gmt":"2019-03-10T09:44:09","slug":"ficha-tecnica-site","status":"publish","type":"page","link":"https:\/\/mitsp.org\/2019\/ficha-tecnica-site\/","title":{"rendered":"FICHA T\u00c9CNICA"},"content":{"rendered":"<h2>FICHA T\u00c9CNICA<\/h2>\n<p><strong>IDEALIZA\u00c7\u00c3O E DIRE\u00c7\u00c3O ART\u00cdSTICA <\/strong>Antonio Araujo<br \/>\n<strong>IDEALIZA\u00c7\u00c3O E DIRE\u00c7\u00c3O GERAL DE PRODU\u00c7\u00c3O <\/strong>Guilherme Marques<br \/>\n<strong>DIRETOR DE RELA\u00c7\u00d5ES INSTITUCIONAIS <\/strong>Rafael Steinhauser<br \/>\n<strong>RELA\u00c7\u00d5ES INTERNACIONAIS <\/strong>Jenia Kolesnikova<br \/>\n<strong>RELA\u00c7\u00d5ES NACIONAIS E INTERNACIONAIS <\/strong>Nat\u00e1lia Machiaveli<br \/>\n<strong>RELA\u00c7\u00d5ES INTERNACIONAIS MITbr &#8211; PLATAFORMA BRASIL <\/strong>Fernando Ruiz Braul<br \/>\n<strong>CURADORIA DOS OLHARES CR\u00cdTICOS <\/strong>Daniele Avila Small e Luciana Eastwood Romagnolli<br \/>\n<strong>CURADORIA DE A\u00c7\u00d5ES PEDAG\u00d3GICAS <\/strong>Maria Fernanda Vomero<br \/>\n<strong>CURADORIA MITbr \u2013 PLATAFORMA BRASIL <\/strong>Felipe de Assis, S\u00f4nia Sobral e Welington Andrade<br \/>\n<strong>CURADORIA II SEMIN\u00c1RIO DE INTERNACIONALIZA\u00c7\u00c3O DAS ARTES C\u00caNICAS BRASILEIRAS <\/strong>Felipe de Assis, Guilherme Marques, Paulo Feitosa, S\u00f4nia Sobral e Welington Andrade<br \/>\n<strong>CURADORIA F\u00d3RUM DESCOLONIZA\u00c7\u00c3O <\/strong>Ailton Krenak, Christine Greiner, Daniele Avila Small, Jos\u00e9 Fernando Azevedo, Luciana Eastwood Romagnolli, Maria Fernanda Vomero e Paulo Mattos<br \/>\n<strong>COORDENA\u00c7\u00c3O EXECUTIVA DE PRODU\u00c7\u00c3O <\/strong>Rachel Brumana<br \/>\n<strong>COORDENA\u00c7\u00c3O ADMINISTRATIVA E FINANCEIRA <\/strong>Patr\u00edcia Perez<br \/>\n<strong>COORDENA\u00c7\u00c3O DE COMUNICA\u00c7\u00c3O <\/strong>Marcia Marques | Canal Aberto<br \/>\n<strong>COORDENA\u00c7\u00c3O DE RELA\u00c7\u00d5ES P\u00daBLICAS <\/strong>Carminha Gongora<br \/>\n<strong>COORDENA\u00c7\u00c3O T\u00c9CNICA <\/strong>Andr\u00e9 Boll<br \/>\n<strong>COORDENA\u00c7\u00c3O DE LOG\u00cdSTICA <\/strong>Marisa Riccitelli Sant\u00b4ana<br \/>\n<strong>COORDENA\u00c7\u00c3O DOS EIXOS REFLEXIVO E PEDAG\u00d3GICO <\/strong>Andreia Duarte<br \/>\n<strong>COORDENA\u00c7\u00c3O, EDI\u00c7\u00c3O, REDA\u00c7\u00c3O E SUPERVIS\u00c3O DE CONTE\u00daDO EDITORIAL (REVISTA CARTOGRAFIAS, SITE, APP E GUIA) <\/strong>Pollyanna Diniz<br \/>\n<strong>COORDENA\u00c7\u00c3O SEMIN\u00c1RIO DE INTERNACIONALIZA\u00c7\u00c3O DE ARTES <\/strong><strong>C\u00caNICAS <\/strong>Paulo Feitosa<br \/>\n<strong>PRODU\u00c7\u00c3O EXECUTIVA MITBR &#8211; PLATAFORMA BRASIL <\/strong>Richard Santana<br \/>\n<strong>INTERMEDIA\u00c7\u00c3O MITbr \u2013 PLATAFORMA BRASIL <\/strong>Ferdinando Martins<br \/>\n<strong>PRODUTORES LOCAIS DE MONTAGEM <\/strong>Carol Bucek, Dora Le\u00e3o, Julia Gomes, Julio Cesarini, Leonardo Devitto, Patricia Souza Ceschi, Pedro de Freitas e Ricardo Frayha<br \/>\n<strong>RESPONS\u00c1VEIS T\u00c9CNICOS DE MONTAGEM <\/strong>Cau\u00ea Gouveia, Fernanda Guedella, Guilherme Paterno, Luana Gouveia, Rodrigo Campos e Ronaldo Zero<br \/>\n<strong>PRODU\u00c7\u00c3O DOS EIXOS REFLEXIVO E PEDAG\u00d3GICO <\/strong>Ana Paula Leandro, Elisa de Oliveira e Thays Quadros<br \/>\n<strong>PRODU\u00c7\u00c3O DO II SEMIN\u00c1RIO DE INTERNACIONALIZA\u00c7\u00c3O DAS ARTES<\/strong><br \/>\n<strong>C\u00caNICAS BRASILEIRAS <\/strong>Cynthia Margareth<br \/>\n<strong>ASSESSORIA JUR\u00cdDICA <\/strong>Jos\u00e9 Augusto Vieira de Aquino<br \/>\n<strong>ASSISTENTES DE COORDENA\u00c7\u00c3O ADMINISTRATIVA E FINANCEIRA <\/strong>Hiago Marques e Nath\u00e1lia Monteiro<br \/>\n<strong>ASSISTENTE DE COORDENA\u00c7\u00c3O DE RELA\u00c7\u00d5ES NACIONAIS E INTERNACIONAIS <\/strong>Paula Malfatti<br \/>\n<strong>ASSISTENTE DE COORDENA\u00c7\u00c3O EXECUTIVA DE PRODU\u00c7\u00c3O <\/strong>Paulo Gir\u010dys<br \/>\n<strong>ASSISTENTE DE PRODU\u00c7\u00c3O <\/strong>Giovanna Monteiro<br \/>\n<strong>ASSISTENTES DE COMUNICA\u00c7\u00c3O <\/strong>Daniele Val\u00e9rio, Fl\u00e1via Fontes e Kelly Santos | Canal Aberto<br \/>\n<strong>ASSISTENTE DE COORDENA\u00c7\u00c3O DE RELA\u00c7\u00d5ES P\u00daBLICAS <\/strong>Fernanda Bento<br \/>\n<strong>ASSISTENTE DE COORDENA\u00c7\u00c3O<\/strong> <strong>T\u00c9CNICA <\/strong>Grazi Vieira<br \/>\n<strong>ASSISTENTES DE COORDENA\u00c7\u00c3O DE LOG\u00cdSTICA <\/strong>Fernando Ruiz Braul, Lipe Lima e Luiza Meira Alves<br \/>\n<strong>RECEPTIVOS <\/strong>Larissa Ballarotti e Carol Vidotti<br \/>\n<strong>ASSISTENTES DE COORDENA\u00c7\u00c3O DOS EIXOS REFLEXIVO E PEDAG\u00d3GICO <\/strong>Leonardo Monteiro e Luna Recaldes<br \/>\n<strong>ASSISTENTE DE PRODU\u00c7\u00c3O DO II SEMIN\u00c1RIO DE INTERNACIONALIZA\u00c7\u00c3O DAS ARTES C\u00caNICAS BRASILEIRAS <\/strong>Jaya Batista<br \/>\n<strong>ASSISTENTE DE EDI\u00c7\u00c3O, REDA\u00c7\u00c3O E SUPERVIS\u00c3O DE CONTE\u00daDO EDITORIAL <\/strong>Michele Rolim<br \/>\n<strong>PROMO\u00c7\u00c3O E DIFUS\u00c3O DOS EIXOS REFLEXIVO E PEDAG\u00d3GICO <\/strong>Eliana Monteiro<br \/>\n<strong>PRODUTOR COMERCIAL <\/strong>Tom Arruda<br \/>\n<strong>CONSULTORIA T\u00c9CNICA <\/strong>Carol Bucek<br \/>\n<strong>CONSULTORIA PARA INTERNACIONALIZA\u00c7\u00c3O DOS GRUPOS DA MITbr \u2013 PLATAFORMA BRASIL <\/strong>Iva Horvat<br \/>\n<strong>CONSULTORIA PARA EQUIPAMENTOS DE \u00c1UDIO <\/strong>Guilherme Ramos<br \/>\n<strong>CONSULTORIA PARA EQUIPAMENTOS DE PROJE\u00c7\u00c3O E V\u00cdDEO <\/strong>Marcos Santos<br \/>\n<strong>ASSESSORIA EM MARKETING DIGITAL <\/strong>Ventuna Digital<br \/>\n<strong>EDI\u00c7\u00c3O REVISTA CARTOGRAFIAS <\/strong>Daniele Avila Small, Luciana Eastwood Romagnolli e Silvia Fernandes<br \/>\n<strong>TRADU\u00c7\u00c3O DE LEGENDAS, CONTE\u00daDO T\u00c9CNICO E EDITORIAL <\/strong>Hilary Jo Caldis, La\u00edza Dantas e Patr\u00edcia Lopes<br \/>\n<strong>TRADU\u00c7\u00c3O DOS EIXOS REFLEXIVO E PEDAG\u00d3GICO <\/strong>Elisa de Oliveira, Juli Azevedo, Maria Clara Ferrer, Paula Lopez e Pedro Augusto<br \/>\n<strong>REVIS\u00c3O DO INGL\u00caS <\/strong>Alexandra Joy Forman e Gren\u00e1 Conte\u00fado Multiplataforma<br \/>\n<strong>LEGENDAGEM <\/strong>Casarini Produ\u00e7\u00f5es<br \/>\n<strong>REVIS\u00c3O DE CONTE\u00daDO EDITORIAL<\/strong> Gren\u00e1 Conte\u00fado Multiplataforma<br \/>\n<strong>IDENTIDADE VISUAL E PROJETO GR\u00c1FICO <\/strong>Casaplanta e Lila Botter<br \/>\n<strong>PROJETO GR\u00c1FICO DO SITE <\/strong>Marina Duca<br \/>\n<strong>DESENVOLVIMENTO DO APLICATIVO MITsp 2019 <\/strong>Nodo Digital<br \/>\n<strong>REGISTRO FOTOGR\u00c1FICO <\/strong>Carola Monteiro, Guto Muniz e Nereu Jr.<br \/>\n<strong>REGISTRO VIDEOGR\u00c1FICO <\/strong>Bruta Flor Filmes<br \/>\n<strong>TRANSMISS\u00c3O AO VIVO <\/strong>Arapuca Filmes<br \/>\n<strong>AUTORES DO LOGOTIPO ORIGINAL DA MITsp 2014 <\/strong>Andr\u00e9 Cortez e Regina Cassimiro<br \/>\n<strong>AUTORA DO LOGOTIPO MITsp VERS\u00c3O 2017 E 2018 <\/strong>Patr\u00edcia Cividanes<br \/>\n<strong>AUTORA DO LOGOTIPO MITsp VERS\u00c3O 2019 <\/strong>Casaplanta<br \/>\n<strong>V\u00cdDEOS PROMOCIONAIS E INSTITUCIONAIS <\/strong>Nat\u00e1lia Machiaveli<br \/>\n<strong>GRAVA\u00c7\u00c3O E EDI\u00c7\u00c3O DE \u00c1UDIO (V\u00cdDEOS E LOCU\u00c7\u00d5ES) <\/strong>Fluxo Produ\u00e7\u00f5es<br \/>\n<strong>LOCU\u00c7\u00d5ES <\/strong>Rodrigo Porto<br \/>\n<strong>MESTRE DE CERIM\u00d4NIA <\/strong>Wagner Schwartz<br \/>\n<strong>SECRETARIA MITsp <\/strong>Daniella Dantas<br \/>\n<strong>SERVI\u00c7OS GERAIS <\/strong>Jair Nascimento<br \/>\n<strong>NUTRICIONISTA <\/strong>Cleria de Oliveira Moura<br \/>\n<strong>ASSIST\u00caNCIA T\u00c9CNICA COMPUTADORES <\/strong>Worklook Tecnologia<br \/>\n<strong>MANUTEN\u00c7\u00c3O DO ESCRIT\u00d3RIO <\/strong>Jos\u00e9 Pedro Barboza<br \/>\n<strong>MODELOS SCANEADOS PARA A CAMPANHA PUBLICIT\u00c1RIA DA MITsp<\/strong> Amanda Dafoe, Andreia Duarte, Cleria de Oliveira Moura, Daniele Fa\u00e7anha de S\u00e1, Gilberto Costa, Paulo Gir\u010dys, Richard Santana e Rodrigo Fidelis<\/p>\n","protected":false},"excerpt":{"rendered":"<p>FICHA T\u00c9CNICA IDEALIZA\u00c7\u00c3O E DIRE\u00c7\u00c3O ART\u00cdSTICA Antonio Araujo IDEALIZA\u00c7\u00c3O E DIRE\u00c7\u00c3O GERAL DE PRODU\u00c7\u00c3O Guilherme [&hellip;]<\/p>\n","protected":false},"author":1,"featured_media":0,"parent":0,"menu_order":16,"comment_status":"closed","ping_status":"closed","template":"","meta":[],"yst_prominent_words":[],"acf":[],"_links":{"self":[{"href":"https:\/\/mitsp.org\/2019\/wp-json\/wp\/v2\/pages\/4045"}],"collection":[{"href":"https:\/\/mitsp.org\/2019\/wp-json\/wp\/v2\/pages"}],"about":[{"href":"https:\/\/mitsp.org\/2019\/wp-json\/wp\/v2\/types\/page"}],"author":[{"embeddable":true,"href":"https:\/\/mitsp.org\/2019\/wp-json\/wp\/v2\/users\/1"}],"replies":[{"embeddable":true,"href":"https:\/\/mitsp.org\/2019\/wp-json\/wp\/v2\/comments?post=4045"}],"version-history":[{"count":0,"href":"https:\/\/mitsp.org\/2019\/wp-json\/wp\/v2\/pages\/4045\/revisions"}],"wp:attachment":[{"href":"https:\/\/mitsp.org\/2019\/wp-json\/wp\/v2\/media?parent=4045"}],"wp:term":[{"taxonomy":"yst_prominent_words","embeddable":true,"href":"https:\/\/mitsp.org\/2019\/wp-json\/wp\/v2\/yst_prominent_words?post=4045"}],"curies":[{"name":"wp","href":"https:\/\/api.w.org\/{rel}","templated":true}]}}