{"id":4027,"date":"2019-03-09T11:40:57","date_gmt":"2019-03-09T14:40:57","guid":{"rendered":"https:\/\/mitsp.org\/2019\/?page_id=4027"},"modified":"2019-11-08T09:04:42","modified_gmt":"2019-11-08T12:04:42","slug":"publicacoes","status":"publish","type":"page","link":"https:\/\/mitsp.org\/2019\/publicacoes\/","title":{"rendered":"PUBLICA\u00c7\u00d5ES"},"content":{"rendered":"<h2>PUBLICA\u00c7\u00d5ES<\/h2>\n<h3 style=\"text-align: center;\">Revista Cartografias MITsp 2019<\/h3>\n<p><iframe style=\"border: none; width: 100%; height: 700px;\" src=\"https:\/\/e.issuu.com\/anonymous-embed.html?u=mitsp&amp;d=mitsp-catalogo-2019-bx\" allowfullscreen=\"allowfullscreen\"><\/iframe><br \/>\n<a href=\"http:\/\/mitsp.org\/2019\/MITcatalogo.pdf\" target=\"_blank\" rel=\"noopener noreferrer\">Baixe Revista Cartografias MITsp 2019 em PDF<\/a><\/p>\n<h3 style=\"text-align: center;\">Guia MITsp2019<\/h3>\n<p><iframe style=\"border: none; width: 100%; height: 700px;\" src=\"https:\/\/e.issuu.com\/anonymous-embed.html?u=mitsp&amp;d=mitsp-guia-2019-bx\" allowfullscreen=\"allowfullscreen\"><\/iframe><br \/>\n<a href=\"http:\/\/mitsp.org\/2019\/MITguia2019.pdf\" target=\"_blank\" rel=\"noopener noreferrer\">Baixe Guia MITsp2019 em PDF<\/a><\/p>\n<h3 style=\"text-align: center;\">Dossi\u00ea Curadores MITsp 2019<\/h3>\n<p><iframe style=\"border: none; width: 100%; height: 700px;\" src=\"\/\/e.issuu.com\/embed.html?d=dossie-curadores&amp;u=mitsp\" allowfullscreen=\"allowfullscreen\"><span data-mce-type=\"bookmark\" style=\"display: inline-block; width: 0px; overflow: hidden; line-height: 0;\" class=\"mce_SELRES_start\">\ufeff<\/span><\/iframe><br \/>\n<a href=\"http:\/\/mitsp.org\/2019\/dossie-curadores.pdf\" target=\"_blank\" rel=\"noopener noreferrer\">Baixe o Dossi\u00ea Curadores MITsp 2019 em PDF<\/a><\/p>\n<h3 style=\"text-align: center;\">II Semin\u00e1rio de Internacionaliza\u00e7\u00e3o das Artes C\u00eanicas Brasileiras<\/h3>\n<p><iframe style=\"border: none; width: 100%; height: 700px;\" src=\"https:\/\/e.issuu.com\/anonymous-embed.html?u=mitsp&amp;d=mit_seminariosesc\" allowfullscreen=\"allowfullscreen\"><\/iframe><br \/>\n<a href=\"https:\/\/mitsp.org\/2019\/wp-content\/uploads\/2019\/03\/MIT_seminarioSESC.pdf\">Baixe II Semin\u00e1rio de Internacionaliza\u00e7\u00e3o das Artes C\u00eanicas Brasileiras\u00a0em PDF<\/a><\/p>\n<h3 style=\"text-align: center;\">Especial Antro Positivo MITsp 2019<\/h3>\n<p><iframe style=\"border: none; width: 100%; height: 700px;\" src=\"https:\/\/e.issuu.com\/anonymous-embed.html?u=antropositivo&amp;d=antro_mitsp_2019\" allowfullscreen=\"allowfullscreen\"><\/iframe><\/p>\n","protected":false},"excerpt":{"rendered":"<p>PUBLICA\u00c7\u00d5ES Revista Cartografias MITsp 2019 Baixe Revista Cartografias MITsp 2019 em PDF Guia MITsp2019 Baixe [&hellip;]<\/p>\n","protected":false},"author":1,"featured_media":0,"parent":0,"menu_order":18,"comment_status":"closed","ping_status":"closed","template":"","meta":[],"yst_prominent_words":[],"acf":[],"_links":{"self":[{"href":"https:\/\/mitsp.org\/2019\/wp-json\/wp\/v2\/pages\/4027"}],"collection":[{"href":"https:\/\/mitsp.org\/2019\/wp-json\/wp\/v2\/pages"}],"about":[{"href":"https:\/\/mitsp.org\/2019\/wp-json\/wp\/v2\/types\/page"}],"author":[{"embeddable":true,"href":"https:\/\/mitsp.org\/2019\/wp-json\/wp\/v2\/users\/1"}],"replies":[{"embeddable":true,"href":"https:\/\/mitsp.org\/2019\/wp-json\/wp\/v2\/comments?post=4027"}],"version-history":[{"count":0,"href":"https:\/\/mitsp.org\/2019\/wp-json\/wp\/v2\/pages\/4027\/revisions"}],"wp:attachment":[{"href":"https:\/\/mitsp.org\/2019\/wp-json\/wp\/v2\/media?parent=4027"}],"wp:term":[{"taxonomy":"yst_prominent_words","embeddable":true,"href":"https:\/\/mitsp.org\/2019\/wp-json\/wp\/v2\/yst_prominent_words?post=4027"}],"curies":[{"name":"wp","href":"https:\/\/api.w.org\/{rel}","templated":true}]}}